{"id":1356,"date":"2020-02-19T10:17:40","date_gmt":"2020-02-19T09:17:40","guid":{"rendered":"https:\/\/www.4vipi.com\/contacte\/"},"modified":"2025-02-07T12:54:33","modified_gmt":"2025-02-07T11:54:33","slug":"contacte","status":"publish","type":"page","link":"https:\/\/www.4vipi.com\/ca\/contacte\/","title":{"rendered":"Contacte"},"content":{"rendered":"\t\t<div data-elementor-type=\"wp-page\" data-elementor-id=\"1356\" class=\"elementor elementor-1356 elementor-17\">\n\t\t\t\t\t\t<section class=\"elementor-section elementor-top-section elementor-element elementor-element-70f8a11 elementor-section-stretched elementor-section-boxed elementor-section-height-default elementor-section-height-default\" data-id=\"70f8a11\" data-element_type=\"section\" data-settings=\"{&quot;stretch_section&quot;:&quot;section-stretched&quot;}\">\n\t\t\t\t\t\t<div class=\"elementor-container elementor-column-gap-wider\">\n\t\t\t\t\t<div class=\"elementor-column elementor-col-50 elementor-top-column elementor-element elementor-element-68038fa\" data-id=\"68038fa\" data-element_type=\"column\" data-settings=\"{&quot;background_background&quot;:&quot;classic&quot;}\">\n\t\t\t<div class=\"elementor-widget-wrap elementor-element-populated\">\n\t\t\t\t\t\t<div class=\"elementor-element elementor-element-a3544d7 elementor-widget elementor-widget-text-editor\" data-id=\"a3544d7\" data-element_type=\"widget\" data-widget_type=\"text-editor.default\">\n\t\t\t\t<div class=\"elementor-widget-container\">\n\t\t\t\t\t\t\t\t\t<h2>Estem a la teva <span class=\"themecolor\">disposici\u00f3<\/span><\/h2>\n<h5><span style=\"font-family: Montserrat; font-size: 18px; font-weight: 400; letter-spacing: 0px;\"><br \/>Tens alguna consulta o necessites m\u00e9s informaci\u00f3 sobre els nostres serveis? No dubtis a posar-te en contacte amb nosaltres.<\/span><\/h5>\n\t\t\t\t\t\t\t\t<\/div>\n\t\t\t\t<\/div>\n\t\t\t\t\t<\/div>\n\t\t<\/div>\n\t\t\t\t<div class=\"elementor-column elementor-col-50 elementor-top-column elementor-element elementor-element-1d762fa\" data-id=\"1d762fa\" data-element_type=\"column\" data-settings=\"{&quot;background_background&quot;:&quot;classic&quot;}\">\n\t\t\t<div class=\"elementor-widget-wrap elementor-element-populated\">\n\t\t\t\t\t\t<div class=\"elementor-element elementor-element-0abcc65 elementor-widget elementor-widget-google_maps\" data-id=\"0abcc65\" data-element_type=\"widget\" data-widget_type=\"google_maps.default\">\n\t\t\t\t<div class=\"elementor-widget-container\">\n\t\t\t\t\t\t\t<div class=\"elementor-custom-embed\">\n\t\t\t<iframe loading=\"lazy\"\n\t\t\t\t\tsrc=\"https:\/\/maps.google.com\/maps?q=carretera%20de%20collblanc%20247%2C%20hospitalet%20de%20llobregat&#038;t=m&#038;z=16&#038;output=embed&#038;iwloc=near\"\n\t\t\t\t\ttitle=\"carretera de collblanc 247, hospitalet de llobregat\"\n\t\t\t\t\taria-label=\"carretera de collblanc 247, hospitalet de llobregat\"\n\t\t\t><\/iframe>\n\t\t<\/div>\n\t\t\t\t\t\t<\/div>\n\t\t\t\t<\/div>\n\t\t\t\t\t<\/div>\n\t\t<\/div>\n\t\t\t\t\t<\/div>\n\t\t<\/section>\n\t\t\t\t<section class=\"elementor-section elementor-top-section elementor-element elementor-element-500eac5 elementor-section-stretched elementor-section-boxed elementor-section-height-default elementor-section-height-default\" data-id=\"500eac5\" data-element_type=\"section\" data-settings=\"{&quot;stretch_section&quot;:&quot;section-stretched&quot;}\">\n\t\t\t\t\t\t<div class=\"elementor-container elementor-column-gap-wider\">\n\t\t\t\t\t<div class=\"elementor-column elementor-col-100 elementor-top-column elementor-element elementor-element-69d2e44\" data-id=\"69d2e44\" data-element_type=\"column\">\n\t\t\t<div class=\"elementor-widget-wrap elementor-element-populated\">\n\t\t\t\t\t\t<section class=\"elementor-section elementor-inner-section elementor-element elementor-element-49b57ae elementor-section-boxed elementor-section-height-default elementor-section-height-default\" data-id=\"49b57ae\" data-element_type=\"section\">\n\t\t\t\t\t\t<div class=\"elementor-container elementor-column-gap-default\">\n\t\t\t\t\t<div class=\"elementor-column elementor-col-100 elementor-inner-column elementor-element elementor-element-a20fbd0\" data-id=\"a20fbd0\" data-element_type=\"column\">\n\t\t\t<div class=\"elementor-widget-wrap elementor-element-populated\">\n\t\t\t\t\t\t<div class=\"elementor-element elementor-element-2d466c8 elementor-widget elementor-widget-text-editor\" data-id=\"2d466c8\" data-element_type=\"widget\" data-widget_type=\"text-editor.default\">\n\t\t\t\t<div class=\"elementor-widget-container\">\n\t\t\t\t\t\t\t\t\t<h6>FORMES DE CONTACTE<\/h6>\n<h2>Contacta amb <span class=\"themecolor\">nosaltres<\/span><\/h2>\n\t\t\t\t\t\t\t\t<\/div>\n\t\t\t\t<\/div>\n\t\t\t\t\t<\/div>\n\t\t<\/div>\n\t\t\t\t\t<\/div>\n\t\t<\/section>\n\t\t\t\t<section class=\"elementor-section elementor-inner-section elementor-element elementor-element-c0bc024 elementor-section-boxed elementor-section-height-default elementor-section-height-default\" data-id=\"c0bc024\" data-element_type=\"section\">\n\t\t\t\t\t\t<div class=\"elementor-container elementor-column-gap-default\">\n\t\t\t\t\t<div class=\"elementor-column elementor-col-33 elementor-inner-column elementor-element elementor-element-a8bd228\" data-id=\"a8bd228\" data-element_type=\"column\" data-settings=\"{&quot;background_background&quot;:&quot;classic&quot;}\">\n\t\t\t<div class=\"elementor-widget-wrap elementor-element-populated\">\n\t\t\t\t\t\t<div class=\"elementor-element elementor-element-64e8561 elementor-widget elementor-widget-image\" data-id=\"64e8561\" data-element_type=\"widget\" data-widget_type=\"image.default\">\n\t\t\t\t<div class=\"elementor-widget-container\">\n\t\t\t\t\t\t\t\t\t\t\t\t\t\t\t<img decoding=\"async\" src=\"https:\/\/www.4vipi.com\/wp-content\/uploads\/2020\/02\/developer4-contact-icon2.png\" class=\"attachment-large size-large wp-image-55\" alt=\"\" \/>\t\t\t\t\t\t\t\t\t\t\t\t\t\t\t<\/div>\n\t\t\t\t<\/div>\n\t\t\t\t<div class=\"elementor-element elementor-element-ec48bf2 elementor-widget elementor-widget-text-editor\" data-id=\"ec48bf2\" data-element_type=\"widget\" data-widget_type=\"text-editor.default\">\n\t\t\t\t<div class=\"elementor-widget-container\">\n\t\t\t\t\t\t\t\t\t<h5>934 807 440 | 659 570 661<br \/> <a href=\"mailto:4vipiemotion@gmail.com\"><span style=\"color: #000000;\">4vipiemotion@gmail.com<\/span><\/a><\/h5>\n\t\t\t\t\t\t\t\t<\/div>\n\t\t\t\t<\/div>\n\t\t\t\t\t<\/div>\n\t\t<\/div>\n\t\t\t\t<div class=\"elementor-column elementor-col-33 elementor-inner-column elementor-element elementor-element-b8c45c9\" data-id=\"b8c45c9\" data-element_type=\"column\" data-settings=\"{&quot;background_background&quot;:&quot;classic&quot;}\">\n\t\t\t<div class=\"elementor-widget-wrap elementor-element-populated\">\n\t\t\t\t\t\t<div class=\"elementor-element elementor-element-ce4b96d elementor-widget elementor-widget-image\" data-id=\"ce4b96d\" data-element_type=\"widget\" data-widget_type=\"image.default\">\n\t\t\t\t<div class=\"elementor-widget-container\">\n\t\t\t\t\t\t\t\t\t\t\t\t\t\t\t<img decoding=\"async\" src=\"https:\/\/www.4vipi.com\/wp-content\/uploads\/2020\/02\/developer4-contact-icon3.png\" class=\"attachment-large size-large wp-image-56\" alt=\"\" \/>\t\t\t\t\t\t\t\t\t\t\t\t\t\t\t<\/div>\n\t\t\t\t<\/div>\n\t\t\t\t<div class=\"elementor-element elementor-element-400f4c6 elementor-widget elementor-widget-text-editor\" data-id=\"400f4c6\" data-element_type=\"widget\" data-widget_type=\"text-editor.default\">\n\t\t\t\t<div class=\"elementor-widget-container\">\n\t\t\t\t\t\t\t\t\t<h5>Carretera de Collblanc 247, bj esquerra<br \/> 08906 Hospitalet de Llobregat<br \/> (Barcelona)<\/p>\n<\/h5>\n\t\t\t\t\t\t\t\t<\/div>\n\t\t\t\t<\/div>\n\t\t\t\t\t<\/div>\n\t\t<\/div>\n\t\t\t\t<div class=\"elementor-column elementor-col-33 elementor-inner-column elementor-element elementor-element-6fd1993\" data-id=\"6fd1993\" data-element_type=\"column\" data-settings=\"{&quot;background_background&quot;:&quot;classic&quot;}\">\n\t\t\t<div class=\"elementor-widget-wrap elementor-element-populated\">\n\t\t\t\t\t\t<div class=\"elementor-element elementor-element-4a35360 elementor-widget elementor-widget-image\" data-id=\"4a35360\" data-element_type=\"widget\" data-widget_type=\"image.default\">\n\t\t\t\t<div class=\"elementor-widget-container\">\n\t\t\t\t\t\t\t\t\t\t\t\t\t\t\t<img decoding=\"async\" src=\"https:\/\/www.4vipi.com\/wp-content\/uploads\/2020\/02\/developer4-contact-icon4.png\" title=\"\" alt=\"\" loading=\"lazy\" \/>\t\t\t\t\t\t\t\t\t\t\t\t\t\t\t<\/div>\n\t\t\t\t<\/div>\n\t\t\t\t<div class=\"elementor-element elementor-element-3b24f63 elementor-widget elementor-widget-text-editor\" data-id=\"3b24f63\" data-element_type=\"widget\" data-widget_type=\"text-editor.default\">\n\t\t\t\t<div class=\"elementor-widget-container\">\n\t\t\t\t\t\t\t\t\t<h5>Dilluns &#8211; Dijous:<br \/> 8.30AM \u2014 18.30PM<br \/> Divendres:<br \/> 8.30AM \u2014 14.00PM<\/h5>\n\t\t\t\t\t\t\t\t<\/div>\n\t\t\t\t<\/div>\n\t\t\t\t\t<\/div>\n\t\t<\/div>\n\t\t\t\t\t<\/div>\n\t\t<\/section>\n\t\t\t\t\t<\/div>\n\t\t<\/div>\n\t\t\t\t\t<\/div>\n\t\t<\/section>\n\t\t\t\t<section class=\"elementor-section elementor-top-section elementor-element elementor-element-c4353f5 elementor-section-stretched elementor-section-boxed elementor-section-height-default elementor-section-height-default\" data-id=\"c4353f5\" data-element_type=\"section\" data-settings=\"{&quot;stretch_section&quot;:&quot;section-stretched&quot;,&quot;background_background&quot;:&quot;classic&quot;}\">\n\t\t\t\t\t\t<div class=\"elementor-container elementor-column-gap-wider\">\n\t\t\t\t\t<div class=\"elementor-column elementor-col-100 elementor-top-column elementor-element elementor-element-f113610\" data-id=\"f113610\" data-element_type=\"column\">\n\t\t\t<div class=\"elementor-widget-wrap elementor-element-populated\">\n\t\t\t\t\t\t<section class=\"elementor-section elementor-inner-section elementor-element elementor-element-0c97a07 elementor-section-boxed elementor-section-height-default elementor-section-height-default\" data-id=\"0c97a07\" data-element_type=\"section\">\n\t\t\t\t\t\t<div class=\"elementor-container elementor-column-gap-default\">\n\t\t\t\t\t<div class=\"elementor-column elementor-col-100 elementor-inner-column elementor-element elementor-element-18cfb3c\" data-id=\"18cfb3c\" data-element_type=\"column\">\n\t\t\t<div class=\"elementor-widget-wrap elementor-element-populated\">\n\t\t\t\t\t\t<div class=\"elementor-element elementor-element-97dcc4d elementor-widget elementor-widget-text-editor\" data-id=\"97dcc4d\" data-element_type=\"widget\" data-widget_type=\"text-editor.default\">\n\t\t\t\t<div class=\"elementor-widget-container\">\n\t\t\t\t\t\t\t\t\t<h6><span style=\"color: #807a73;\">FORMULARI DE CONTACTE<\/span><\/h6><h2><span style=\"color: #807a73;\">Envia el teu<\/span> <span style=\"color: #9fd44e;\">missatge<\/span><\/h2>\t\t\t\t\t\t\t\t<\/div>\n\t\t\t\t<\/div>\n\t\t\t\t\t<\/div>\n\t\t<\/div>\n\t\t\t\t\t<\/div>\n\t\t<\/section>\n\t\t\t\t<section class=\"elementor-section elementor-inner-section elementor-element elementor-element-6828321 elementor-section-boxed elementor-section-height-default elementor-section-height-default\" data-id=\"6828321\" data-element_type=\"section\">\n\t\t\t\t\t\t<div class=\"elementor-container elementor-column-gap-default\">\n\t\t\t\t\t<div class=\"elementor-column elementor-col-100 elementor-inner-column elementor-element elementor-element-3f29af0\" data-id=\"3f29af0\" data-element_type=\"column\">\n\t\t\t<div class=\"elementor-widget-wrap elementor-element-populated\">\n\t\t\t\t\t\t<div class=\"elementor-element elementor-element-2092723 elementor-widget elementor-widget-shortcode\" data-id=\"2092723\" data-element_type=\"widget\" data-widget_type=\"shortcode.default\">\n\t\t\t\t<div class=\"elementor-widget-container\">\n\t\t\t\t\t\t\t<div class=\"elementor-shortcode\">\n<div class=\"wpcf7 no-js\" id=\"wpcf7-f1426-o1\" lang=\"ca\" dir=\"ltr\" data-wpcf7-id=\"1426\">\n<div class=\"screen-reader-response\"><p role=\"status\" aria-live=\"polite\" aria-atomic=\"true\"><\/p> <ul><\/ul><\/div>\n<form action=\"\/ca\/wp-json\/wp\/v2\/pages\/1356#wpcf7-f1426-o1\" method=\"post\" class=\"wpcf7-form init\" aria-label=\"Formulari de contacte\" novalidate=\"novalidate\" data-status=\"init\">\n<div style=\"display: none;\">\n<input type=\"hidden\" name=\"_wpcf7\" value=\"1426\" \/>\n<input type=\"hidden\" name=\"_wpcf7_version\" value=\"6.0.3\" \/>\n<input type=\"hidden\" name=\"_wpcf7_locale\" value=\"ca\" \/>\n<input type=\"hidden\" name=\"_wpcf7_unit_tag\" value=\"wpcf7-f1426-o1\" \/>\n<input type=\"hidden\" name=\"_wpcf7_container_post\" value=\"0\" \/>\n<input type=\"hidden\" name=\"_wpcf7_posted_data_hash\" value=\"\" \/>\n<input type=\"hidden\" name=\"_wpcf7_recaptcha_response\" value=\"\" \/>\n<\/div>\n<div class=\"column one-second\">\n\t<p><span class=\"wpcf7-form-control-wrap\" data-name=\"your-name\"><input size=\"40\" maxlength=\"400\" class=\"wpcf7-form-control wpcf7-text wpcf7-validates-as-required\" aria-required=\"true\" aria-invalid=\"false\" placeholder=\"Nom\" value=\"\" type=\"text\" name=\"your-name\" \/><\/span>\n\t<\/p>\n<\/div>\n<div class=\"column one-second\">\n\t<p><span class=\"wpcf7-form-control-wrap\" data-name=\"your-email\"><input size=\"40\" maxlength=\"400\" class=\"wpcf7-form-control wpcf7-email wpcf7-validates-as-required wpcf7-text wpcf7-validates-as-email\" aria-required=\"true\" aria-invalid=\"false\" placeholder=\"Email\" value=\"\" type=\"email\" name=\"your-email\" \/><\/span>\n\t<\/p>\n<\/div>\n<div class=\"column one\">\n\t<p><span class=\"wpcf7-form-control-wrap\" data-name=\"your-subject\"><input size=\"40\" maxlength=\"400\" class=\"wpcf7-form-control wpcf7-text\" aria-invalid=\"false\" placeholder=\"Assumpte\" value=\"\" type=\"text\" name=\"your-subject\" \/><\/span>\n\t<\/p>\n<\/div>\n<div class=\"column one\">\n\t<p><span class=\"wpcf7-form-control-wrap\" data-name=\"your-message\"><textarea cols=\"40\" rows=\"4\" maxlength=\"2000\" class=\"wpcf7-form-control wpcf7-textarea\" aria-invalid=\"false\" placeholder=\"Missatge\" name=\"your-message\"><\/textarea><\/span>\n\t<\/p>\n<\/div>\n<div class=\"column one\">\n\t<p><input class=\"wpcf7-form-control wpcf7-submit has-spinner\" type=\"submit\" value=\"Enviar Missatge\" \/>\n\t<\/p>\n<\/div><div class=\"wpcf7-response-output\" aria-hidden=\"true\"><\/div>\n<\/form>\n<\/div>\n<\/div>\n\t\t\t\t\t\t<\/div>\n\t\t\t\t<\/div>\n\t\t\t\t\t<\/div>\n\t\t<\/div>\n\t\t\t\t\t<\/div>\n\t\t<\/section>\n\t\t\t\t\t<\/div>\n\t\t<\/div>\n\t\t\t\t\t<\/div>\n\t\t<\/section>\n\t\t\t\t<section class=\"elementor-section elementor-top-section elementor-element elementor-element-bc0db3f elementor-section-stretched elementor-section-boxed elementor-section-height-default elementor-section-height-default\" data-id=\"bc0db3f\" data-element_type=\"section\" data-settings=\"{&quot;stretch_section&quot;:&quot;section-stretched&quot;,&quot;background_background&quot;:&quot;classic&quot;}\">\n\t\t\t\t\t\t<div class=\"elementor-container elementor-column-gap-wider\">\n\t\t\t\t\t<div class=\"elementor-column elementor-col-100 elementor-top-column elementor-element elementor-element-48bcf71\" data-id=\"48bcf71\" data-element_type=\"column\">\n\t\t\t<div class=\"elementor-widget-wrap elementor-element-populated\">\n\t\t\t\t\t\t<section class=\"elementor-section elementor-inner-section elementor-element elementor-element-baf9d09 elementor-section-boxed elementor-section-height-default elementor-section-height-default\" data-id=\"baf9d09\" data-element_type=\"section\">\n\t\t\t\t\t\t<div class=\"elementor-container elementor-column-gap-default\">\n\t\t\t\t\t<div class=\"elementor-column elementor-col-33 elementor-inner-column elementor-element elementor-element-6f71073\" data-id=\"6f71073\" data-element_type=\"column\">\n\t\t\t<div class=\"elementor-widget-wrap elementor-element-populated\">\n\t\t\t\t\t\t<div class=\"elementor-element elementor-element-f04bf44 elementor-widget elementor-widget-text-editor\" data-id=\"f04bf44\" data-element_type=\"widget\" data-widget_type=\"text-editor.default\">\n\t\t\t\t<div class=\"elementor-widget-container\">\n\t\t\t\t\t\t\t\t\t<h6>LOCALITZACI\u00d3 <span style=\"color: #000000;\"><br \/>Carretera de Collblanc 247, bj esquerra<br \/><\/span> <span style=\"color: #000000;\">08906 Hospitalet de Llobregat<br \/> (Barcelona)<br \/><\/span><\/h6>\n\t\t\t\t\t\t\t\t<\/div>\n\t\t\t\t<\/div>\n\t\t\t\t\t<\/div>\n\t\t<\/div>\n\t\t\t\t<div class=\"elementor-column elementor-col-33 elementor-inner-column elementor-element elementor-element-e7d426f\" data-id=\"e7d426f\" data-element_type=\"column\">\n\t\t\t<div class=\"elementor-widget-wrap elementor-element-populated\">\n\t\t\t\t\t\t<div class=\"elementor-element elementor-element-df235d9 elementor-widget elementor-widget-text-editor\" data-id=\"df235d9\" data-element_type=\"widget\" data-widget_type=\"text-editor.default\">\n\t\t\t\t<div class=\"elementor-widget-container\">\n\t\t\t\t\t\t\t\t\t<h6>E-MAIL<br \/> <a href=\"mailto:4vipiemotion@gmail.com\"><span style=\"color: #000000;\">4vipiemotion@gmail.com<\/span><\/a><\/h6>\n\t\t\t\t\t\t\t\t<\/div>\n\t\t\t\t<\/div>\n\t\t\t\t\t<\/div>\n\t\t<\/div>\n\t\t\t\t<div class=\"elementor-column elementor-col-33 elementor-inner-column elementor-element elementor-element-9242995\" data-id=\"9242995\" data-element_type=\"column\">\n\t\t\t<div class=\"elementor-widget-wrap elementor-element-populated\">\n\t\t\t\t\t\t<div class=\"elementor-element elementor-element-ac265fc elementor-widget elementor-widget-text-editor\" data-id=\"ac265fc\" data-element_type=\"widget\" data-widget_type=\"text-editor.default\">\n\t\t\t\t<div class=\"elementor-widget-container\">\n\t\t\t\t\t\t\t\t\t<h6>TEL\u00c8FONS<br \/> <span style=\"color: #000000;\">934 807 440<\/span><br \/> <span style=\"color: #000000;\">659 570 661<\/span><\/h6>\n\t\t\t\t\t\t\t\t<\/div>\n\t\t\t\t<\/div>\n\t\t\t\t\t<\/div>\n\t\t<\/div>\n\t\t\t\t\t<\/div>\n\t\t<\/section>\n\t\t\t\t\t<\/div>\n\t\t<\/div>\n\t\t\t\t\t<\/div>\n\t\t<\/section>\n\t\t\t\t<\/div>\n\t\t","protected":false},"excerpt":{"rendered":"<p>Estem a la teva disposici\u00f3 Tens alguna consulta o necessites m\u00e9s informaci\u00f3 sobre els nostres serveis? No dubtis a posar-te en contacte amb nosaltres. FORMES DE<span class=\"excerpt-hellip\"> [\u2026]<\/span><\/p>\n","protected":false},"author":2,"featured_media":0,"parent":0,"menu_order":0,"comment_status":"open","ping_status":"closed","template":"","meta":{"footnotes":""},"class_list":["post-1356","page","type-page","status-publish","hentry"],"yoast_head":"<!-- This site is optimized with the Yoast SEO plugin v24.4 - https:\/\/yoast.com\/wordpress\/plugins\/seo\/ -->\n<title>Contacte | 4Vipi Administraci\u00f3 de Finques<\/title>\n<meta name=\"description\" content=\"Poseu-vos en contacte amb nosaltres si teniu preguntes sobre la gesti\u00f3 de finques i els serveis que oferim. Som aqu\u00ed per ajudar-lo.\" \/>\n<meta name=\"robots\" content=\"index, follow, max-snippet:-1, max-image-preview:large, max-video-preview:-1\" \/>\n<link rel=\"canonical\" href=\"https:\/\/www.4vipi.com\/ca\/contacte\/\" \/>\n<meta property=\"og:locale\" content=\"ca_ES\" \/>\n<meta property=\"og:type\" content=\"article\" \/>\n<meta property=\"og:title\" content=\"Contacte | 4Vipi Administraci\u00f3 de Finques\" \/>\n<meta property=\"og:description\" content=\"Poseu-vos en contacte amb nosaltres si teniu preguntes sobre la gesti\u00f3 de finques i els serveis que oferim. Som aqu\u00ed per ajudar-lo.\" \/>\n<meta property=\"og:url\" content=\"https:\/\/www.4vipi.com\/ca\/contacte\/\" \/>\n<meta property=\"og:site_name\" content=\"4VIPI Emotion\" \/>\n<meta property=\"article:modified_time\" content=\"2025-02-07T11:54:33+00:00\" \/>\n<meta name=\"twitter:card\" content=\"summary_large_image\" \/>\n<meta name=\"twitter:image\" content=\"https:\/\/www.4vipi.com\/wp-content\/uploads\/2020\/02\/developer4-contact-icon2.png\" \/>\n<meta name=\"twitter:label1\" content=\"Temps estimat de lectura\" \/>\n\t<meta name=\"twitter:data1\" content=\"2 minuts\" \/>\n<script type=\"application\/ld+json\" class=\"yoast-schema-graph\">{\"@context\":\"https:\/\/schema.org\",\"@graph\":[{\"@type\":\"WebPage\",\"@id\":\"https:\/\/www.4vipi.com\/ca\/contacte\/\",\"url\":\"https:\/\/www.4vipi.com\/ca\/contacte\/\",\"name\":\"Contacte | 4Vipi Administraci\u00f3 de Finques\",\"isPartOf\":{\"@id\":\"https:\/\/www.4vipi.com\/ca\/#website\"},\"primaryImageOfPage\":{\"@id\":\"https:\/\/www.4vipi.com\/ca\/contacte\/#primaryimage\"},\"image\":{\"@id\":\"https:\/\/www.4vipi.com\/ca\/contacte\/#primaryimage\"},\"thumbnailUrl\":\"https:\/\/www.4vipi.com\/wp-content\/uploads\/2020\/02\/developer4-contact-icon2.png\",\"datePublished\":\"2020-02-19T09:17:40+00:00\",\"dateModified\":\"2025-02-07T11:54:33+00:00\",\"description\":\"Poseu-vos en contacte amb nosaltres si teniu preguntes sobre la gesti\u00f3 de finques i els serveis que oferim. Som aqu\u00ed per ajudar-lo.\",\"breadcrumb\":{\"@id\":\"https:\/\/www.4vipi.com\/ca\/contacte\/#breadcrumb\"},\"inLanguage\":\"ca\",\"potentialAction\":[{\"@type\":\"ReadAction\",\"target\":[\"https:\/\/www.4vipi.com\/ca\/contacte\/\"]}]},{\"@type\":\"ImageObject\",\"inLanguage\":\"ca\",\"@id\":\"https:\/\/www.4vipi.com\/ca\/contacte\/#primaryimage\",\"url\":\"https:\/\/www.4vipi.com\/wp-content\/uploads\/2020\/02\/developer4-contact-icon2.png\",\"contentUrl\":\"https:\/\/www.4vipi.com\/wp-content\/uploads\/2020\/02\/developer4-contact-icon2.png\"},{\"@type\":\"BreadcrumbList\",\"@id\":\"https:\/\/www.4vipi.com\/ca\/contacte\/#breadcrumb\",\"itemListElement\":[{\"@type\":\"ListItem\",\"position\":1,\"name\":\"Home\",\"item\":\"https:\/\/www.4vipi.com\/ca\/\"},{\"@type\":\"ListItem\",\"position\":2,\"name\":\"Contacte\"}]},{\"@type\":\"WebSite\",\"@id\":\"https:\/\/www.4vipi.com\/ca\/#website\",\"url\":\"https:\/\/www.4vipi.com\/ca\/\",\"name\":\"4VIPI Emotion\",\"description\":\"Administraci\u00f3n de Fincas\",\"publisher\":{\"@id\":\"https:\/\/www.4vipi.com\/ca\/#organization\"},\"potentialAction\":[{\"@type\":\"SearchAction\",\"target\":{\"@type\":\"EntryPoint\",\"urlTemplate\":\"https:\/\/www.4vipi.com\/ca\/?s={search_term_string}\"},\"query-input\":{\"@type\":\"PropertyValueSpecification\",\"valueRequired\":true,\"valueName\":\"search_term_string\"}}],\"inLanguage\":\"ca\"},{\"@type\":\"Organization\",\"@id\":\"https:\/\/www.4vipi.com\/ca\/#organization\",\"name\":\"4VIPI Emotion\",\"url\":\"https:\/\/www.4vipi.com\/ca\/\",\"logo\":{\"@type\":\"ImageObject\",\"inLanguage\":\"ca\",\"@id\":\"https:\/\/www.4vipi.com\/ca\/#\/schema\/logo\/image\/\",\"url\":\"https:\/\/www.4vipi.com\/wp-content\/uploads\/2025\/01\/cropped-4vipi-logo-1.png\",\"contentUrl\":\"https:\/\/www.4vipi.com\/wp-content\/uploads\/2025\/01\/cropped-4vipi-logo-1.png\",\"width\":500,\"height\":500,\"caption\":\"4VIPI Emotion\"},\"image\":{\"@id\":\"https:\/\/www.4vipi.com\/ca\/#\/schema\/logo\/image\/\"}}]}<\/script>\n<!-- \/ Yoast SEO plugin. -->","yoast_head_json":{"title":"Contacte | 4Vipi Administraci\u00f3 de Finques","description":"Poseu-vos en contacte amb nosaltres si teniu preguntes sobre la gesti\u00f3 de finques i els serveis que oferim. Som aqu\u00ed per ajudar-lo.","robots":{"index":"index","follow":"follow","max-snippet":"max-snippet:-1","max-image-preview":"max-image-preview:large","max-video-preview":"max-video-preview:-1"},"canonical":"https:\/\/www.4vipi.com\/ca\/contacte\/","og_locale":"ca_ES","og_type":"article","og_title":"Contacte | 4Vipi Administraci\u00f3 de Finques","og_description":"Poseu-vos en contacte amb nosaltres si teniu preguntes sobre la gesti\u00f3 de finques i els serveis que oferim. Som aqu\u00ed per ajudar-lo.","og_url":"https:\/\/www.4vipi.com\/ca\/contacte\/","og_site_name":"4VIPI Emotion","article_modified_time":"2025-02-07T11:54:33+00:00","twitter_card":"summary_large_image","twitter_image":"https:\/\/www.4vipi.com\/wp-content\/uploads\/2020\/02\/developer4-contact-icon2.png","twitter_misc":{"Temps estimat de lectura":"2 minuts"},"schema":{"@context":"https:\/\/schema.org","@graph":[{"@type":"WebPage","@id":"https:\/\/www.4vipi.com\/ca\/contacte\/","url":"https:\/\/www.4vipi.com\/ca\/contacte\/","name":"Contacte | 4Vipi Administraci\u00f3 de Finques","isPartOf":{"@id":"https:\/\/www.4vipi.com\/ca\/#website"},"primaryImageOfPage":{"@id":"https:\/\/www.4vipi.com\/ca\/contacte\/#primaryimage"},"image":{"@id":"https:\/\/www.4vipi.com\/ca\/contacte\/#primaryimage"},"thumbnailUrl":"https:\/\/www.4vipi.com\/wp-content\/uploads\/2020\/02\/developer4-contact-icon2.png","datePublished":"2020-02-19T09:17:40+00:00","dateModified":"2025-02-07T11:54:33+00:00","description":"Poseu-vos en contacte amb nosaltres si teniu preguntes sobre la gesti\u00f3 de finques i els serveis que oferim. Som aqu\u00ed per ajudar-lo.","breadcrumb":{"@id":"https:\/\/www.4vipi.com\/ca\/contacte\/#breadcrumb"},"inLanguage":"ca","potentialAction":[{"@type":"ReadAction","target":["https:\/\/www.4vipi.com\/ca\/contacte\/"]}]},{"@type":"ImageObject","inLanguage":"ca","@id":"https:\/\/www.4vipi.com\/ca\/contacte\/#primaryimage","url":"https:\/\/www.4vipi.com\/wp-content\/uploads\/2020\/02\/developer4-contact-icon2.png","contentUrl":"https:\/\/www.4vipi.com\/wp-content\/uploads\/2020\/02\/developer4-contact-icon2.png"},{"@type":"BreadcrumbList","@id":"https:\/\/www.4vipi.com\/ca\/contacte\/#breadcrumb","itemListElement":[{"@type":"ListItem","position":1,"name":"Home","item":"https:\/\/www.4vipi.com\/ca\/"},{"@type":"ListItem","position":2,"name":"Contacte"}]},{"@type":"WebSite","@id":"https:\/\/www.4vipi.com\/ca\/#website","url":"https:\/\/www.4vipi.com\/ca\/","name":"4VIPI Emotion","description":"Administraci\u00f3n de Fincas","publisher":{"@id":"https:\/\/www.4vipi.com\/ca\/#organization"},"potentialAction":[{"@type":"SearchAction","target":{"@type":"EntryPoint","urlTemplate":"https:\/\/www.4vipi.com\/ca\/?s={search_term_string}"},"query-input":{"@type":"PropertyValueSpecification","valueRequired":true,"valueName":"search_term_string"}}],"inLanguage":"ca"},{"@type":"Organization","@id":"https:\/\/www.4vipi.com\/ca\/#organization","name":"4VIPI Emotion","url":"https:\/\/www.4vipi.com\/ca\/","logo":{"@type":"ImageObject","inLanguage":"ca","@id":"https:\/\/www.4vipi.com\/ca\/#\/schema\/logo\/image\/","url":"https:\/\/www.4vipi.com\/wp-content\/uploads\/2025\/01\/cropped-4vipi-logo-1.png","contentUrl":"https:\/\/www.4vipi.com\/wp-content\/uploads\/2025\/01\/cropped-4vipi-logo-1.png","width":500,"height":500,"caption":"4VIPI Emotion"},"image":{"@id":"https:\/\/www.4vipi.com\/ca\/#\/schema\/logo\/image\/"}}]}},"_links":{"self":[{"href":"https:\/\/www.4vipi.com\/ca\/wp-json\/wp\/v2\/pages\/1356","targetHints":{"allow":["GET"]}}],"collection":[{"href":"https:\/\/www.4vipi.com\/ca\/wp-json\/wp\/v2\/pages"}],"about":[{"href":"https:\/\/www.4vipi.com\/ca\/wp-json\/wp\/v2\/types\/page"}],"author":[{"embeddable":true,"href":"https:\/\/www.4vipi.com\/ca\/wp-json\/wp\/v2\/users\/2"}],"replies":[{"embeddable":true,"href":"https:\/\/www.4vipi.com\/ca\/wp-json\/wp\/v2\/comments?post=1356"}],"version-history":[{"count":10,"href":"https:\/\/www.4vipi.com\/ca\/wp-json\/wp\/v2\/pages\/1356\/revisions"}],"predecessor-version":[{"id":1468,"href":"https:\/\/www.4vipi.com\/ca\/wp-json\/wp\/v2\/pages\/1356\/revisions\/1468"}],"wp:attachment":[{"href":"https:\/\/www.4vipi.com\/ca\/wp-json\/wp\/v2\/media?parent=1356"}],"curies":[{"name":"wp","href":"https:\/\/api.w.org\/{rel}","templated":true}]}}