{"id":1358,"date":"2025-01-15T15:32:07","date_gmt":"2025-01-15T14:32:07","guid":{"rendered":"https:\/\/www.4vipi.com\/politica-de-cookies\/"},"modified":"2025-02-04T13:26:29","modified_gmt":"2025-02-04T12:26:29","slug":"politica-de-cookies","status":"publish","type":"page","link":"https:\/\/www.4vipi.com\/ca\/politica-de-cookies\/","title":{"rendered":"Pol\u00edtica de Cookies"},"content":{"rendered":"\t\t<div data-elementor-type=\"wp-page\" data-elementor-id=\"1358\" class=\"elementor elementor-1358 elementor-661\">\n\t\t\t\t<div class=\"elementor-element elementor-element-7711bf51 e-flex e-con-boxed e-con e-parent\" data-id=\"7711bf51\" data-element_type=\"container\">\n\t\t\t\t\t<div class=\"e-con-inner\">\n\t\t\t\t<div class=\"elementor-element elementor-element-510b9915 elementor-widget elementor-widget-text-editor\" data-id=\"510b9915\" data-element_type=\"widget\" data-widget_type=\"text-editor.default\">\n\t\t\t\t<div class=\"elementor-widget-container\">\n\t\t\t\t\t\t\t\t\t<h3> <\/h3>\n<p><span style=\"font-weight: 400;\">L&#8217;acc\u00e9s a aquesta web pot implicar la utilitzaci\u00f3 de cookies. Les cookies s\u00f3n petites quantitats d&#8217;informaci\u00f3 que s&#8217;emmagatzemen en el navegador utilitzat per cada Usuari \u2014en els diferents dispositius que pugui utilitzar per a navegar\u2014 perqu\u00e8 el servidor recordi una certa informaci\u00f3 que posteriorment i \u00fanicament el servidor que la va implementar llegir\u00e0. Les cookies faciliten la navegaci\u00f3, la fan m\u00e9s amigable, i no danyen el dispositiu de navegaci\u00f3.  <\/span><\/p>\n<p><span style=\"font-weight: 400;\">Les cookies s\u00f3n procediments autom\u00e0tics de recollida d&#8217;informaci\u00f3 relativa a les prefer\u00e8ncies determinades per l&#8217;Usuari durant la seva visita al Lloc web amb la finalitat de recon\u00e8ixer-lo com a Usuari, i personalitzar la seva experi\u00e8ncia i l&#8217;\u00fas del Lloc web, i poden tamb\u00e9, per exemple, ajudar a identificar i resoldre errors.<\/span><\/p>\n<p><span style=\"font-weight: 400;\">.La informaci\u00f3 recaptada a trav\u00e9s de les cookies pot incloure la data i hora de visites al Lloc web, les p\u00e0gines visionades, el temps que ha estat en el Lloc web i els llocs visitats just abans i despr\u00e9s d&#8217;aquest. No obstant aix\u00f2, cap cookie permet que aquesta mateixa pugui contactar-se amb el n\u00famero de tel\u00e8fon de l&#8217;Usuari o amb qualsevol altre mitj\u00e0 de contacte personal. Cap cookie pot extreure informaci\u00f3 del disc dur de l&#8217;Usuari o robar informaci\u00f3 personal. L&#8217;\u00fanica manera que la informaci\u00f3 privada de l&#8217;Usuari formi part de l&#8217;arxiu Cookie \u00e9s que l&#8217;usuari doni personalment aquesta informaci\u00f3 al servidor.   <\/span><\/p>\n<p><span style=\"font-weight: 400;\">Les cookies que permeten identificar a una persona \u00e9s considerin dades personals. Per tant, als mateixes els ser\u00e0 aplicable la Pol\u00edtica de Privacitat anteriorment descrita. En aquest sentit, per a la utilitzaci\u00f3 dels mateixes ser\u00e0 necessari el consentiment de l&#8217;Usuari. Aquest consentiment ser\u00e0 comunicat, sobre la basi d&#8217;una elecci\u00f3 aut\u00e8ntica, ofert mitjan\u00e7ant una decisi\u00f3 afirmativa i positiva, abans del tractament inicial, amovible i documentat.   <\/span><\/p>\n<h4> <\/h4>\n<h4><strong>Cookies de tercers<\/strong><\/h4>\n<p><span style=\"font-weight: 400;\">S\u00f3n cookies utilitzades i gestionades per entitats externes que proporcionen a 4vipi Emotion serveis sol\u00b7licitats per aquest mateix per a millorar el Lloc web i l&#8217;experi\u00e8ncia de l&#8217;usuari en navegar en el Lloc web. Els principals objectius per als quals s&#8217;utilitzen cookies de tercers s\u00f3n l&#8217;obtenci\u00f3 d&#8217;estad\u00edstiques d&#8217;accessos i analitzar la informaci\u00f3 de la navegaci\u00f3, \u00e9s a dir, com interactua l&#8217;Usuari amb el Lloc web. <\/span><\/p>\n<p><span style=\"font-weight: 400;\">La informaci\u00f3 que s&#8217;obt\u00e9 es refereix, per exemple, al nombre de p\u00e0gines visitades, l&#8217;idioma, el lloc a la qual l&#8217;adre\u00e7a IP des del qual accedeix l&#8217;Usuari, el nombre d&#8217;Usuaris que accedeixen, la freq\u00fc\u00e8ncia i reincid\u00e8ncia de les visites, el temps de visita, el navegador que usen, l&#8217;operador o tipus de dispositiu des del qual es realitza la visita. Aquesta informaci\u00f3 s&#8217;utilitza per a millorar el Lloc web, i detectar noves necessitats per a oferir als Usuaris un Contingut i\/o servei d&#8217;\u00f2ptima qualitat. En tot cas, la informaci\u00f3 es recopila de manera an\u00f2nima i s&#8217;elaboren informes de tend\u00e8ncies del Lloc web sense identificar a usuaris individuals.  <\/span><\/p>\n<p><span style=\"font-weight: 400;\">Pot obtenir m\u00e9s informaci\u00f3 sobre les cookies, la informaci\u00f3 sobre la privacitat, o consultar la descripci\u00f3 del tipus de cookies que s&#8217;utilitza, els seus principals caracter\u00edstiques, per\u00edode d&#8217;expiraci\u00f3, etc. en el seg\u00fcent(s) enlla\u00e7(s):<\/span><\/p>\n<ul>\n<li style=\"font-weight: 400;\" aria-level=\"1\"><span style=\"font-weight: 400;\"><strong>Google Fonts<\/strong>: https:\/\/policies.google.com\/privacy<\/span><\/li>\n<li style=\"font-weight: 400;\" aria-level=\"1\"><span style=\"font-weight: 400;\"><strong>Google Analytics:<\/strong> https:\/\/business.safety.google\/privacy\/ <\/span><span style=\"font-weight: 400;\"><br \/><\/span><span style=\"font-weight: 400;\">https:\/\/policies.google.com\/technologies\/cookies?hl=es<\/span><span style=\"font-weight: 400;\"><br \/><\/span><span style=\"font-weight: 400;\">Cookies para contar y rastrear p\u00e1ginas vistas:<\/span><span style=\"font-weight: 400;\"><br \/><\/span><span style=\"font-weight: 400;\">_ga (caducidad 2 a\u00f1os): https:\/\/cookiedatabase.org\/cookie\/google-analytics\/_ga\/<\/span><span style=\"font-weight: 400;\"><br \/><\/span><span style=\"font-weight: 400;\">_ga_*: https:\/\/cookiedatabase.org\/cookie\/google-analytics\/_ga_\/ <\/span> <\/li>\n<li style=\"font-weight: 400;\" aria-level=\"1\"><span style=\"font-weight: 400;\"><strong>Complianz:<\/strong> https:\/\/complianz.io\/legal\/privacy-statement\/<\/span><\/li>\n<li style=\"font-weight: 400;\" aria-level=\"1\"><span style=\"font-weight: 400;\"><strong>Elementor:<\/strong> https:\/\/cookiedatabase.org\/cookie\/elementor\/elementor\/<\/span><span style=\"font-weight: 400;\"><br \/><\/span><span style=\"font-weight: 400;\">e_document\/global<\/span><span style=\"font-weight: 400;\"><br \/><\/span><span style=\"font-weight: 400;\">e_globals<\/span><span style=\"font-weight: 400;\"><br \/><\/span><span style=\"font-weight: 400;\">elementor<\/span><\/li>\n<li style=\"font-weight: 400;\" aria-level=\"1\"><span style=\"font-weight: 400;\"><strong>WordPress:<\/strong> https:\/\/cookiedatabase.org\/service\/wordpress\/<\/span><\/li>\n<li style=\"font-weight: 400;\" aria-level=\"1\"><span style=\"font-weight: 400;\"><strong>WpEmojiSettingsSupports<\/strong>: https:\/\/cookiedatabase.org\/cookie\/wordpress\/wpemojisettingssupports\/<\/span><\/li>\n<li style=\"font-weight: 400;\" aria-level=\"1\"><span style=\"font-weight: 400;\"><strong>WPML<\/strong>: https:\/\/cookiedatabase.org\/service\/wpml\/<\/span><span style=\"font-weight: 400;\"><br \/><\/span><span style=\"font-weight: 400;\">wp-wpml_current_language: https:\/\/cookiedatabase.org\/cookie\/wpml\/wp-wpml_current_language\/<\/span><span style=\"font-weight: 400;\"><br \/><\/span><span style=\"font-weight: 400;\">wp-wpml_current_admin_language<\/span><\/li>\n<li style=\"font-weight: 400;\" aria-level=\"1\"><span style=\"font-weight: 400;\"><strong>Google Ads<\/strong>: https:\/\/policies.google.com\/technologies\/cookies?hl=es)<\/span><\/li>\n<li style=\"font-weight: 400;\" aria-level=\"1\"><span style=\"font-weight: 400;\"><strong>Google ReCAPTCHA<\/strong>: https:\/\/cookiedatabase.org\/service\/google-recaptcha\/<\/span><\/li>\n<li style=\"font-weight: 400;\" aria-level=\"1\"><strong>Altres<\/strong>:\n<ul>\n<li style=\"font-weight: 400;\" aria-level=\"1\">_tt_enable_cookie<\/li>\n<li style=\"font-weight: 400;\" aria-level=\"1\">_ttp<\/li>\n<li style=\"font-weight: 400;\" aria-level=\"1\">continueReview<\/li>\n<li style=\"font-weight: 400;\" aria-level=\"1\">e_kit-elements-defaults<\/li>\n<li style=\"font-weight: 400;\" aria-level=\"1\">e_library<\/li>\n<li style=\"font-weight: 400;\" aria-level=\"1\">tt_appinfo<\/li>\n<li style=\"font-weight: 400;\" aria-level=\"1\">tt_pixel_session_index<\/li>\n<li style=\"font-weight: 400;\" aria-level=\"1\">tt_sessionid<\/li>\n<\/ul>\n<\/li>\n<\/ul>\n<p><span style=\"font-weight: 400;\">Les entitats encarregades del subministrament de cookies podran cedir aquesta informaci\u00f3 a tercers, sempre que l&#8217;exigeixi la llei o sigui un tercer el que processi aquesta informaci\u00f3 per a aquestes entitats.<\/span><\/p>\n<h4> <\/h4>\n<h4><b>Deshabilitar, rebutjar i eliminar cookies<\/b><\/h4>\n<p><span style=\"font-weight: 400;\">L&#8217;Usuari pot deshabilitar, rebutjar i eliminar les cookies \u2014totalment o parcialment\u2014 instal\u00b7lades en el seu dispositiu mitjan\u00e7ant la configuraci\u00f3 del seu navegador (entre els quals es troben, per exemple, Chrome, Firefox, Safari, Explorer). En aquest sentit, els procediments per a rebutjar i eliminar les cookies poden diferir d&#8217;un navegador d&#8217;Internet a un altre. En conseq\u00fc\u00e8ncia, l&#8217;Usuari ha d&#8217;acudir a les instruccions facilitades pel propi navegador d&#8217;Internet que estigui utilitzant. En el cas que rebutgi l&#8217;\u00fas de cookies \u2014totalment o parcialment\u2014 podr\u00e0 continuar usant el Lloc web, si b\u00e9 podr\u00e0 tenir limitada la utilitzaci\u00f3 d&#8217;algunes de les prestacions d&#8217;aquest.   <\/span><\/p><\/p>\n\t\t\t\t\t\t\t\t<\/div>\n\t\t\t\t<\/div>\n\t\t\t\t\t<\/div>\n\t\t\t\t<\/div>\n\t\t\t\t<\/div>\n\t\t","protected":false},"excerpt":{"rendered":"<p>L&#8217;acc\u00e9s a aquesta web pot implicar la utilitzaci\u00f3 de cookies. Les cookies s\u00f3n petites quantitats d&#8217;informaci\u00f3 que s&#8217;emmagatzemen en el navegador utilitzat per cada Usuari \u2014en<span class=\"excerpt-hellip\"> [\u2026]<\/span><\/p>\n","protected":false},"author":2,"featured_media":0,"parent":0,"menu_order":0,"comment_status":"open","ping_status":"open","template":"","meta":{"footnotes":""},"class_list":["post-1358","page","type-page","status-publish","hentry"],"yoast_head":"<!-- This site is optimized with the Yoast SEO plugin v24.4 - https:\/\/yoast.com\/wordpress\/plugins\/seo\/ -->\n<title>Pol\u00edtica de Cookies - 4VIPI Emotion<\/title>\n<meta name=\"robots\" content=\"index, follow, max-snippet:-1, max-image-preview:large, max-video-preview:-1\" \/>\n<link rel=\"canonical\" href=\"https:\/\/www.4vipi.com\/ca\/politica-de-cookies\/\" \/>\n<meta property=\"og:locale\" content=\"ca_ES\" \/>\n<meta property=\"og:type\" content=\"article\" \/>\n<meta property=\"og:title\" content=\"Pol\u00edtica de Cookies - 4VIPI Emotion\" \/>\n<meta property=\"og:description\" content=\"L&#8217;acc\u00e9s a aquesta web pot implicar la utilitzaci\u00f3 de cookies. Les cookies s\u00f3n petites quantitats d&#8217;informaci\u00f3 que s&#8217;emmagatzemen en el navegador utilitzat per cada Usuari \u2014en [\u2026]\" \/>\n<meta property=\"og:url\" content=\"https:\/\/www.4vipi.com\/ca\/politica-de-cookies\/\" \/>\n<meta property=\"og:site_name\" content=\"4VIPI Emotion\" \/>\n<meta property=\"article:modified_time\" content=\"2025-02-04T12:26:29+00:00\" \/>\n<meta name=\"twitter:card\" content=\"summary_large_image\" \/>\n<meta name=\"twitter:label1\" content=\"Temps estimat de lectura\" \/>\n\t<meta name=\"twitter:data1\" content=\"4 minuts\" \/>\n<script type=\"application\/ld+json\" class=\"yoast-schema-graph\">{\"@context\":\"https:\/\/schema.org\",\"@graph\":[{\"@type\":\"WebPage\",\"@id\":\"https:\/\/www.4vipi.com\/ca\/politica-de-cookies\/\",\"url\":\"https:\/\/www.4vipi.com\/ca\/politica-de-cookies\/\",\"name\":\"Pol\u00edtica de Cookies - 4VIPI Emotion\",\"isPartOf\":{\"@id\":\"https:\/\/www.4vipi.com\/ca\/#website\"},\"datePublished\":\"2025-01-15T14:32:07+00:00\",\"dateModified\":\"2025-02-04T12:26:29+00:00\",\"breadcrumb\":{\"@id\":\"https:\/\/www.4vipi.com\/ca\/politica-de-cookies\/#breadcrumb\"},\"inLanguage\":\"ca\",\"potentialAction\":[{\"@type\":\"ReadAction\",\"target\":[\"https:\/\/www.4vipi.com\/ca\/politica-de-cookies\/\"]}]},{\"@type\":\"BreadcrumbList\",\"@id\":\"https:\/\/www.4vipi.com\/ca\/politica-de-cookies\/#breadcrumb\",\"itemListElement\":[{\"@type\":\"ListItem\",\"position\":1,\"name\":\"Home\",\"item\":\"https:\/\/www.4vipi.com\/ca\/\"},{\"@type\":\"ListItem\",\"position\":2,\"name\":\"Pol\u00edtica de Cookies\"}]},{\"@type\":\"WebSite\",\"@id\":\"https:\/\/www.4vipi.com\/ca\/#website\",\"url\":\"https:\/\/www.4vipi.com\/ca\/\",\"name\":\"4VIPI Emotion\",\"description\":\"Administraci\u00f3n de Fincas\",\"publisher\":{\"@id\":\"https:\/\/www.4vipi.com\/ca\/#organization\"},\"potentialAction\":[{\"@type\":\"SearchAction\",\"target\":{\"@type\":\"EntryPoint\",\"urlTemplate\":\"https:\/\/www.4vipi.com\/ca\/?s={search_term_string}\"},\"query-input\":{\"@type\":\"PropertyValueSpecification\",\"valueRequired\":true,\"valueName\":\"search_term_string\"}}],\"inLanguage\":\"ca\"},{\"@type\":\"Organization\",\"@id\":\"https:\/\/www.4vipi.com\/ca\/#organization\",\"name\":\"4VIPI Emotion\",\"url\":\"https:\/\/www.4vipi.com\/ca\/\",\"logo\":{\"@type\":\"ImageObject\",\"inLanguage\":\"ca\",\"@id\":\"https:\/\/www.4vipi.com\/ca\/#\/schema\/logo\/image\/\",\"url\":\"https:\/\/www.4vipi.com\/wp-content\/uploads\/2025\/01\/cropped-4vipi-logo-1.png\",\"contentUrl\":\"https:\/\/www.4vipi.com\/wp-content\/uploads\/2025\/01\/cropped-4vipi-logo-1.png\",\"width\":500,\"height\":500,\"caption\":\"4VIPI Emotion\"},\"image\":{\"@id\":\"https:\/\/www.4vipi.com\/ca\/#\/schema\/logo\/image\/\"}}]}<\/script>\n<!-- \/ Yoast SEO plugin. -->","yoast_head_json":{"title":"Pol\u00edtica de Cookies - 4VIPI Emotion","robots":{"index":"index","follow":"follow","max-snippet":"max-snippet:-1","max-image-preview":"max-image-preview:large","max-video-preview":"max-video-preview:-1"},"canonical":"https:\/\/www.4vipi.com\/ca\/politica-de-cookies\/","og_locale":"ca_ES","og_type":"article","og_title":"Pol\u00edtica de Cookies - 4VIPI Emotion","og_description":"L&#8217;acc\u00e9s a aquesta web pot implicar la utilitzaci\u00f3 de cookies. Les cookies s\u00f3n petites quantitats d&#8217;informaci\u00f3 que s&#8217;emmagatzemen en el navegador utilitzat per cada Usuari \u2014en [\u2026]","og_url":"https:\/\/www.4vipi.com\/ca\/politica-de-cookies\/","og_site_name":"4VIPI Emotion","article_modified_time":"2025-02-04T12:26:29+00:00","twitter_card":"summary_large_image","twitter_misc":{"Temps estimat de lectura":"4 minuts"},"schema":{"@context":"https:\/\/schema.org","@graph":[{"@type":"WebPage","@id":"https:\/\/www.4vipi.com\/ca\/politica-de-cookies\/","url":"https:\/\/www.4vipi.com\/ca\/politica-de-cookies\/","name":"Pol\u00edtica de Cookies - 4VIPI Emotion","isPartOf":{"@id":"https:\/\/www.4vipi.com\/ca\/#website"},"datePublished":"2025-01-15T14:32:07+00:00","dateModified":"2025-02-04T12:26:29+00:00","breadcrumb":{"@id":"https:\/\/www.4vipi.com\/ca\/politica-de-cookies\/#breadcrumb"},"inLanguage":"ca","potentialAction":[{"@type":"ReadAction","target":["https:\/\/www.4vipi.com\/ca\/politica-de-cookies\/"]}]},{"@type":"BreadcrumbList","@id":"https:\/\/www.4vipi.com\/ca\/politica-de-cookies\/#breadcrumb","itemListElement":[{"@type":"ListItem","position":1,"name":"Home","item":"https:\/\/www.4vipi.com\/ca\/"},{"@type":"ListItem","position":2,"name":"Pol\u00edtica de Cookies"}]},{"@type":"WebSite","@id":"https:\/\/www.4vipi.com\/ca\/#website","url":"https:\/\/www.4vipi.com\/ca\/","name":"4VIPI Emotion","description":"Administraci\u00f3n de Fincas","publisher":{"@id":"https:\/\/www.4vipi.com\/ca\/#organization"},"potentialAction":[{"@type":"SearchAction","target":{"@type":"EntryPoint","urlTemplate":"https:\/\/www.4vipi.com\/ca\/?s={search_term_string}"},"query-input":{"@type":"PropertyValueSpecification","valueRequired":true,"valueName":"search_term_string"}}],"inLanguage":"ca"},{"@type":"Organization","@id":"https:\/\/www.4vipi.com\/ca\/#organization","name":"4VIPI Emotion","url":"https:\/\/www.4vipi.com\/ca\/","logo":{"@type":"ImageObject","inLanguage":"ca","@id":"https:\/\/www.4vipi.com\/ca\/#\/schema\/logo\/image\/","url":"https:\/\/www.4vipi.com\/wp-content\/uploads\/2025\/01\/cropped-4vipi-logo-1.png","contentUrl":"https:\/\/www.4vipi.com\/wp-content\/uploads\/2025\/01\/cropped-4vipi-logo-1.png","width":500,"height":500,"caption":"4VIPI Emotion"},"image":{"@id":"https:\/\/www.4vipi.com\/ca\/#\/schema\/logo\/image\/"}}]}},"_links":{"self":[{"href":"https:\/\/www.4vipi.com\/ca\/wp-json\/wp\/v2\/pages\/1358","targetHints":{"allow":["GET"]}}],"collection":[{"href":"https:\/\/www.4vipi.com\/ca\/wp-json\/wp\/v2\/pages"}],"about":[{"href":"https:\/\/www.4vipi.com\/ca\/wp-json\/wp\/v2\/types\/page"}],"author":[{"embeddable":true,"href":"https:\/\/www.4vipi.com\/ca\/wp-json\/wp\/v2\/users\/2"}],"replies":[{"embeddable":true,"href":"https:\/\/www.4vipi.com\/ca\/wp-json\/wp\/v2\/comments?post=1358"}],"version-history":[{"count":1,"href":"https:\/\/www.4vipi.com\/ca\/wp-json\/wp\/v2\/pages\/1358\/revisions"}],"predecessor-version":[{"id":1359,"href":"https:\/\/www.4vipi.com\/ca\/wp-json\/wp\/v2\/pages\/1358\/revisions\/1359"}],"wp:attachment":[{"href":"https:\/\/www.4vipi.com\/ca\/wp-json\/wp\/v2\/media?parent=1358"}],"curies":[{"name":"wp","href":"https:\/\/api.w.org\/{rel}","templated":true}]}}