{"id":1397,"date":"2025-01-15T15:26:43","date_gmt":"2025-01-15T14:26:43","guid":{"rendered":"https:\/\/www.4vipi.com\/avis-legal\/"},"modified":"2025-02-04T15:58:28","modified_gmt":"2025-02-04T14:58:28","slug":"avis-legal","status":"publish","type":"page","link":"https:\/\/www.4vipi.com\/ca\/avis-legal\/","title":{"rendered":"Av\u00eds Legal"},"content":{"rendered":"\t\t<div data-elementor-type=\"wp-page\" data-elementor-id=\"1397\" class=\"elementor elementor-1397 elementor-656\">\n\t\t\t\t<div class=\"elementor-element elementor-element-7711bf51 e-flex e-con-boxed e-con e-parent\" data-id=\"7711bf51\" data-element_type=\"container\">\n\t\t\t\t\t<div class=\"e-con-inner\">\n\t\t\t\t<div class=\"elementor-element elementor-element-510b9915 elementor-widget elementor-widget-text-editor\" data-id=\"510b9915\" data-element_type=\"widget\" data-widget_type=\"text-editor.default\">\n\t\t\t\t<div class=\"elementor-widget-container\">\n\t\t\t\t\t\t\t\t\t<h4> <\/h4>\n<h4><b>1. Informaci\u00f3 General<\/b><\/h4>\n<p><span style=\"font-weight: 400;\">En compliment amb el deure d&#8217;informaci\u00f3 disposat en la Llei 34\/2002 de Serveis de la Societat de la Informaci\u00f3 i el Comer\u00e7 Electr\u00f2nic (LSSI-CE) d&#8217;11 de juliol, es faciliten a continuaci\u00f3 les seg\u00fcents dades d&#8217;informaci\u00f3 general d&#8217;aquest lloc web:<\/span><\/p>\n<p><span style=\"font-weight: 400;\">La titularitat d&#8217;aquest lloc web, https:\/\/www.4vipi.com, (d&#8217;ara endavant, Lloc web) l&#8217;ostenta: 4vipi Emotion S.l., prove\u00efda de NIF: B72710346 i inscrita en: Registre Mercantil de Barcelona amb les seg\u00fcents dades registrals: Tom 48573 , Foli 64,, el representant del qual \u00e9s: Jordi Vila Vera, i les dades de contacte del qual s\u00f3n:<\/span><\/p>\n<p><span style=\"font-weight: 400;\">Direcci\u00f3: Carretera Collblanc n\u00fam. 247 Bj Iz, (08906), L&#8217;hospitalet De Llobregat, Barcelona.<\/span><\/p>\n<p><span style=\"font-weight: 400;\">Tel\u00e8fon de contacte: 934 807 440 | 659 570 661<\/span><\/p>\n<p><span style=\"font-weight: 400;\">Email de contacte: <a href=\"mailto:4vipiemotion@gmail.com\" target=\"_blank\" rel=\"noopener\">4vipiemotion@gmail.com<\/a><\/span><\/p>\n<h4> <\/h4>\n<h4><b>2<\/b><b>. Termes i Condicions Generals d&#8217;\u00das <\/b><\/h4>\n<p><b>L&#8217;objecte de les condicions: El Lloc web<\/b><\/p>\n<p><span style=\"font-weight: 400;\">L&#8217;objecte de les presents condicions generals d&#8217;\u00fas (d&#8217;ara endavant, Condicions) \u00e9s regular l&#8217;acc\u00e9s i la utilitzaci\u00f3 del Lloc web. A l&#8217;efecte de les presents Condicions s&#8217;entendr\u00e0 com a Lloc web: l&#8217;aparen\u00e7a externa de les interf\u00edcies de pantalla, tant de manera est\u00e0tica com de manera din\u00e0mica, \u00e9s a dir, l&#8217;arbre de navegaci\u00f3; i tots els elements integrats tant en les interf\u00edcies de pantalla com en l&#8217;arbre de navegaci\u00f3 (d&#8217;ara endavant, Continguts) i tots aquells serveis o recursos en l\u00ednia que si \u00e9s el cas ofereixi als Usuaris (d&#8217;ara endavant, Serveis). <\/span><\/p>\n<p><span style=\"font-weight: 400;\">4vipi Emotion es reserva la facultat de modificar, en qualsevol moment, i sense av\u00eds previ, la presentaci\u00f3 i configuraci\u00f3 del Lloc web i dels Continguts i Serveis que en ell poguessin estar incorporats. L&#8217;Usuari reconeix i accepta que en qualsevol moment 4vipi Emotion pugui interrompre, desactivar i\/o cancel\u00b7lar qualsevol d&#8217;aquests elements que s&#8217;integren en el Lloc web o l&#8217;acc\u00e9s a aquests. <\/span><\/p>\n<p><span style=\"font-weight: 400;\">L&#8217;acc\u00e9s al Lloc web per l&#8217;Usuari t\u00e9 car\u00e0cter lliure i, per regla general, \u00e9s gratu\u00eft sense que l&#8217;Usuari hagi de proporcionar una contraprestaci\u00f3 per a poder gaudir d&#8217;aix\u00f2, excepte en el relatiu al cost de connexi\u00f3 a trav\u00e9s de la xarxa de telecomunicacions subministrada pel prove\u00efdor d&#8217;acc\u00e9s que hagu\u00e9s contractat l&#8217;Usuari.<\/span><\/p>\n<p><span style=\"font-weight: 400;\">La utilitzaci\u00f3 d&#8217;algun dels Continguts o Serveis del Lloc web podr\u00e0 fer-se mitjan\u00e7ant la subscripci\u00f3 o registre previ de l&#8217;Usuari.<\/span><\/p>\n<p><b><br \/>L&#8217;Usuari<\/b><\/p>\n<p><span style=\"font-weight: 400;\">L&#8217;acc\u00e9s, la navegaci\u00f3 i \u00fas del Lloc web, confereix la condici\u00f3 d&#8217;Usuari, per la qual cosa s&#8217;accepten, des que s&#8217;inicia la navegaci\u00f3 pel Lloc web, totes les Condicions aqu\u00ed establertes, aix\u00ed com les seves ulteriors modificacions, sense perjudici de l&#8217;aplicaci\u00f3 de la corresponent normativa legal d&#8217;obligat compliment segons el cas. Donada la rellev\u00e0ncia de l&#8217;anterior, es recomana a l&#8217;Usuari llegir-les cada vegada que visiti el Lloc web. <\/span><\/p>\n<p><span style=\"font-weight: 400;\">El Lloc web de 4vipi Emotion proporciona gran diversitat d&#8217;informaci\u00f3, serveis i dades. L&#8217;Usuari assumeix la seva responsabilitat per a realitzar un \u00fas correcte del Lloc web. Aquesta responsabilitat s&#8217;estendr\u00e0 a:  <\/span><\/p>\n<ul>\n<li style=\"font-weight: 400;\" aria-level=\"1\"><span style=\"font-weight: 400;\">Un \u00fas de la informaci\u00f3, Continguts i\/o Serveis i dades ofertes per 4vipi Emotion sense que sigui contrari al que es disposa per les presents Condicions, la Llei, la moral o l&#8217;ordre p\u00fablic, o que de qualsevol altre mode puguin suposar lesi\u00f3 dels drets de tercers o del mateix funcionament del Lloc web.<\/span><\/li>\n<li style=\"font-weight: 400;\" aria-level=\"1\"><span style=\"font-weight: 400;\">La veracitat i licitud de les informacions aportades per l&#8217;Usuari en els formularis estesos per 4vipi Emotion per a l&#8217;acc\u00e9s a uns certs Continguts o Serveis oferts pel Lloc web. En tot cas, l&#8217;Usuari notificar\u00e0 de manera immediata a 4vipi Emotion sobre qualsevol fet que permeti l&#8217;\u00fas indegut de la informaci\u00f3 registrada en aquests formularis, com ara, per\u00f2 no sols, el robatori, extraviament, o l&#8217;acc\u00e9s no autoritzat a identificadors i\/o contrasenyes, amb la finalitat de procedir a la seva immediata cancel\u00b7laci\u00f3. <\/span><\/li>\n<\/ul>\n<p><span style=\"font-weight: 400;\">L&#8217;acc\u00e9s a aquest Lloc web no suposa entaular cap mena de relaci\u00f3 de car\u00e0cter comercial entre 4vipi Emotion i l&#8217;Usuari.<\/span><\/p>\n<p><span style=\"font-weight: 400;\">L&#8217;Usuari declara ser major d&#8217;edat i disposar de la capacitat jur\u00eddica suficient per a vincular-se per les presents Condicions. Per tant, aquest Lloc web de 4vipi Emotion no es dirigeix a menors d&#8217;edat. 4vipi Emotion declina qualsevol responsabilitat per l&#8217;incompliment d&#8217;aquest requisit.  <\/span><\/p>\n<h3> <\/h3>\n<h4><b>3. Acc\u00e9s i navegaci\u00f3 en el lloc web: Exclusi\u00f3 de Garanties i Responsabilitat<\/b><\/h4>\n<p><span style=\"font-weight: 400;\">4vipi Emotion no garanteix la continu\u00eftat, disponibilitat i utilitat del Lloc web, ni dels Continguts o Serveis. 4vipi Emotion far\u00e0 tot el possible pel bon funcionament del Lloc web, no obstant aix\u00f2, no es responsabilitza ni garanteix que l&#8217;acc\u00e9s a aquest Lloc web no vagi a ser ininterromput o que estigui lliure d&#8217;error. <\/span><\/p>\n<p><span style=\"font-weight: 400;\">Tampoc es responsabilitza o garanteix que el contingut o programari al qual pugui accedir-se a trav\u00e9s d&#8217;aquest Lloc web, estigui lliure d&#8217;error o causi un mal al sistema inform\u00e0tic (programari i maquinari) de l&#8217;Usuari. En cap cas 4vipi Emotion ser\u00e0 responsable per les p\u00e8rdues, danys o perjudicis de qualsevol tipus que sorgeixin per l&#8217;acc\u00e9s, navegaci\u00f3 i l&#8217;\u00fas del Lloc web, incloent-se, per\u00f2 no limitant-se, als ocasionats als sistemes inform\u00e0tics o els provocats per la introducci\u00f3 de virus. <\/span><\/p>\n<p><span style=\"font-weight: 400;\">4vipi Emotion tampoc es fa responsable dels danys que poguessin ocasionar-se als usuaris per un \u00fas inadequat d&#8217;aquest Lloc web. En particular, no es fa responsable de cap manera de les caigudes, interrupcions, falta o defecte de les telecomunicacions que poguessin oc\u00f3rrer. <\/span><\/p>\n<h4> <\/h4>\n<h4><b>4. Pol\u00edtica d&#8217;Enlla\u00e7os<\/b><\/h4>\n<p><span style=\"font-weight: 400;\">L&#8217;Usuari o tercer que realitzi un enlla\u00e7 des d&#8217;una p\u00e0gina web d&#8217;un altre, distint, lloc web al Lloc web de 4vipi Emotion haur\u00e0 de saber que:<\/span><\/p>\n<p><span style=\"font-weight: 400;\">No es permet la reproducci\u00f3 \u2014totalment o parcialment\u2014 de cap dels Continguts i\/o Serveis del Lloc web sense autoritzaci\u00f3 expressa de 4vipi Emotion.<\/span><\/p>\n<p><span style=\"font-weight: 400;\">No es permet tampoc cap manifestaci\u00f3 falsa, inexacta o incorrecta sobre el Lloc web de 4vipi Emotion, ni sobre els Continguts i\/o Serveis d&#8217;aquest.<\/span><\/p>\n<p><span style=\"font-weight: 400;\">A excepci\u00f3 de l&#8217;enlla\u00e7, el lloc web en el qual s&#8217;estableixi aquest enlla\u00e7 no contindr\u00e0 cap element, d&#8217;aquest Lloc web, protegit com a propietat intel\u00b7lectual per l&#8217;ordenament jur\u00eddic espanyol, excepte autoritzaci\u00f3 expressa de 4vipi Emotion.<\/span><\/p>\n<p><span style=\"font-weight: 400;\">L&#8217;establiment de l&#8217;enlla\u00e7 no implicar\u00e0 l&#8217;exist\u00e8ncia de relacions entre 4vipi Emotion i el titular del lloc web des del qual es realitzi, ni el coneixement i acceptaci\u00f3 de 4vipi Emotion dels continguts, serveis i\/o activitats ofertes en aquest lloc web, i viceversa.<\/span><\/p>\n<h4> <\/h4>\n<h4><b>5. Propietat Intel\u00b7lectual i Industrial<\/b><\/h4>\n<p><span style=\"font-weight: 400;\">4vipi Emotion per si o com a part cession\u00e0ria, \u00e9s titular de tots els drets de propietat intel\u00b7lectual i industrial del Lloc web, aix\u00ed com dels elements continguts en el mateix (a t\u00edtol enunciatiu i no exhaustiu, imatges, so, \u00e0udio, v\u00eddeo, programari o textos, marques o logotips, combinacions de colors, estructura i disseny, selecci\u00f3 de materials usats, programes d&#8217;ordinador necessaris per al seu funcionament, acc\u00e9s i \u00fas, etc.). Seran, per conseg\u00fcent, obres protegides com a propietat intel\u00b7lectual per l&#8217;ordenament jur\u00eddic espanyol, sent-los aplicables tant la normativa espanyola i comunit\u00e0ria en aquest camp, com els tractats internacionals relatius a la mat\u00e8ria i subscrits per Espanya. <\/span><\/p>\n<p><span style=\"font-weight: 400;\">Tots els drets reservats. En virtut del que es disposa en la Llei de Propietat Intel\u00b7lectual, queden expressament prohibides la reproducci\u00f3, la distribuci\u00f3 i la comunicaci\u00f3 p\u00fablica, inclosa la seva modalitat de posada a disposici\u00f3, de la totalitat o part dels continguts d&#8217;aquesta p\u00e0gina web, amb finalitats comercials, en qualsevol suport i per qualsevol mitj\u00e0 t\u00e8cnic, sense l&#8217;autoritzaci\u00f3 de 4vipi Emotion. <\/span><\/p>\n<p><span style=\"font-weight: 400;\">L&#8217;Usuari es compromet a respectar els drets de propietat intel\u00b7lectual i industrial de 4vipi Emotion. Podr\u00e0 visualitzar els elements del Lloc web o fins i tot imprimir-los, copiar-los i emmagatzemar-los en el disc dur del seu ordinador o en qualsevol altre suport f\u00edsic sempre que sigui, exclusivament, per al seu \u00fas personal. L&#8217;Usuari, no obstant aix\u00f2, no podr\u00e0 suprimir, alterar, o manipular qualsevol dispositiu de protecci\u00f3 o sistema de seguretat que estigu\u00e9s instal\u00b7lat en el Lloc web.  <\/span><\/p>\n<p><span style=\"font-weight: 400;\">En cas que l&#8217;Usuari o tercer consideri que qualsevol dels Continguts del Lloc web suposi una violaci\u00f3 dels drets de protecci\u00f3 de la propietat intel\u00b7lectual, haur\u00e0 de comunicar-ho immediatament a 4vipi Emotion a trav\u00e9s de les dades de contacte de l&#8217;apartat d&#8217;INFORMACI\u00d3 GENERAL d&#8217;aquest Av\u00eds Legal i Condicions Generals d&#8217;\u00das.<\/span><\/p>\n<h4> <\/h4>\n<h4><b>6. Accions Legals, Legislaci\u00f3 Aplicable i Jurisdicci\u00f3<\/b><\/h4>\n<p><span style=\"font-weight: 400;\">4vipi Emotion es reserva la facultat de presentar les accions civils o penals que consideri necess\u00e0ries per la utilitzaci\u00f3 indeguda del Lloc web i Continguts, o per l&#8217;incompliment de les presents Condicions.<\/span><\/p>\n<p><span style=\"font-weight: 400;\">La relaci\u00f3 entre l&#8217;Usuari i 4vipi Emotion es regir\u00e0 per la normativa vigent i d&#8217;aplicaci\u00f3 en el territori espanyol. De sorgir qualsevol controv\u00e8rsia en relaci\u00f3 amb la interpretaci\u00f3 i\/o a l&#8217;aplicaci\u00f3 d&#8217;aquestes Condicions les parts sotmetran els seus conflictes a la jurisdicci\u00f3 ordin\u00e0ria sotmetent-se als jutges i tribunals que corresponguin conforme a dret. <\/span><\/p>\n\t\t\t\t\t\t\t\t<\/div>\n\t\t\t\t<\/div>\n\t\t\t\t\t<\/div>\n\t\t\t\t<\/div>\n\t\t\t\t<\/div>\n\t\t","protected":false},"excerpt":{"rendered":"<p>1. Informaci\u00f3 General En compliment amb el deure d&#8217;informaci\u00f3 disposat en la Llei 34\/2002 de Serveis de la Societat de la Informaci\u00f3 i el Comer\u00e7 Electr\u00f2nic<span class=\"excerpt-hellip\"> [\u2026]<\/span><\/p>\n","protected":false},"author":2,"featured_media":0,"parent":0,"menu_order":0,"comment_status":"open","ping_status":"open","template":"","meta":{"footnotes":""},"class_list":["post-1397","page","type-page","status-publish","hentry"],"yoast_head":"<!-- This site is optimized with the Yoast SEO plugin v24.4 - https:\/\/yoast.com\/wordpress\/plugins\/seo\/ -->\n<title>Av\u00eds Legal - 4VIPI Emotion<\/title>\n<meta name=\"robots\" content=\"index, follow, max-snippet:-1, max-image-preview:large, max-video-preview:-1\" \/>\n<link rel=\"canonical\" href=\"https:\/\/www.4vipi.com\/ca\/avis-legal\/\" \/>\n<meta property=\"og:locale\" content=\"ca_ES\" \/>\n<meta property=\"og:type\" content=\"article\" \/>\n<meta property=\"og:title\" content=\"Av\u00eds Legal - 4VIPI Emotion\" \/>\n<meta property=\"og:description\" content=\"1. Informaci\u00f3 General En compliment amb el deure d&#8217;informaci\u00f3 disposat en la Llei 34\/2002 de Serveis de la Societat de la Informaci\u00f3 i el Comer\u00e7 Electr\u00f2nic [\u2026]\" \/>\n<meta property=\"og:url\" content=\"https:\/\/www.4vipi.com\/ca\/avis-legal\/\" \/>\n<meta property=\"og:site_name\" content=\"4VIPI Emotion\" \/>\n<meta property=\"article:modified_time\" content=\"2025-02-04T14:58:28+00:00\" \/>\n<meta name=\"twitter:card\" content=\"summary_large_image\" \/>\n<meta name=\"twitter:label1\" content=\"Temps estimat de lectura\" \/>\n\t<meta name=\"twitter:data1\" content=\"7 minuts\" \/>\n<script type=\"application\/ld+json\" class=\"yoast-schema-graph\">{\"@context\":\"https:\/\/schema.org\",\"@graph\":[{\"@type\":\"WebPage\",\"@id\":\"https:\/\/www.4vipi.com\/ca\/avis-legal\/\",\"url\":\"https:\/\/www.4vipi.com\/ca\/avis-legal\/\",\"name\":\"Av\u00eds Legal - 4VIPI Emotion\",\"isPartOf\":{\"@id\":\"https:\/\/www.4vipi.com\/ca\/#website\"},\"datePublished\":\"2025-01-15T14:26:43+00:00\",\"dateModified\":\"2025-02-04T14:58:28+00:00\",\"breadcrumb\":{\"@id\":\"https:\/\/www.4vipi.com\/ca\/avis-legal\/#breadcrumb\"},\"inLanguage\":\"ca\",\"potentialAction\":[{\"@type\":\"ReadAction\",\"target\":[\"https:\/\/www.4vipi.com\/ca\/avis-legal\/\"]}]},{\"@type\":\"BreadcrumbList\",\"@id\":\"https:\/\/www.4vipi.com\/ca\/avis-legal\/#breadcrumb\",\"itemListElement\":[{\"@type\":\"ListItem\",\"position\":1,\"name\":\"Home\",\"item\":\"https:\/\/www.4vipi.com\/ca\/\"},{\"@type\":\"ListItem\",\"position\":2,\"name\":\"Av\u00eds Legal\"}]},{\"@type\":\"WebSite\",\"@id\":\"https:\/\/www.4vipi.com\/ca\/#website\",\"url\":\"https:\/\/www.4vipi.com\/ca\/\",\"name\":\"4VIPI Emotion\",\"description\":\"Administraci\u00f3n de Fincas\",\"publisher\":{\"@id\":\"https:\/\/www.4vipi.com\/ca\/#organization\"},\"potentialAction\":[{\"@type\":\"SearchAction\",\"target\":{\"@type\":\"EntryPoint\",\"urlTemplate\":\"https:\/\/www.4vipi.com\/ca\/?s={search_term_string}\"},\"query-input\":{\"@type\":\"PropertyValueSpecification\",\"valueRequired\":true,\"valueName\":\"search_term_string\"}}],\"inLanguage\":\"ca\"},{\"@type\":\"Organization\",\"@id\":\"https:\/\/www.4vipi.com\/ca\/#organization\",\"name\":\"4VIPI Emotion\",\"url\":\"https:\/\/www.4vipi.com\/ca\/\",\"logo\":{\"@type\":\"ImageObject\",\"inLanguage\":\"ca\",\"@id\":\"https:\/\/www.4vipi.com\/ca\/#\/schema\/logo\/image\/\",\"url\":\"https:\/\/www.4vipi.com\/wp-content\/uploads\/2025\/01\/cropped-4vipi-logo-1.png\",\"contentUrl\":\"https:\/\/www.4vipi.com\/wp-content\/uploads\/2025\/01\/cropped-4vipi-logo-1.png\",\"width\":500,\"height\":500,\"caption\":\"4VIPI Emotion\"},\"image\":{\"@id\":\"https:\/\/www.4vipi.com\/ca\/#\/schema\/logo\/image\/\"}}]}<\/script>\n<!-- \/ Yoast SEO plugin. -->","yoast_head_json":{"title":"Av\u00eds Legal - 4VIPI Emotion","robots":{"index":"index","follow":"follow","max-snippet":"max-snippet:-1","max-image-preview":"max-image-preview:large","max-video-preview":"max-video-preview:-1"},"canonical":"https:\/\/www.4vipi.com\/ca\/avis-legal\/","og_locale":"ca_ES","og_type":"article","og_title":"Av\u00eds Legal - 4VIPI Emotion","og_description":"1. Informaci\u00f3 General En compliment amb el deure d&#8217;informaci\u00f3 disposat en la Llei 34\/2002 de Serveis de la Societat de la Informaci\u00f3 i el Comer\u00e7 Electr\u00f2nic [\u2026]","og_url":"https:\/\/www.4vipi.com\/ca\/avis-legal\/","og_site_name":"4VIPI Emotion","article_modified_time":"2025-02-04T14:58:28+00:00","twitter_card":"summary_large_image","twitter_misc":{"Temps estimat de lectura":"7 minuts"},"schema":{"@context":"https:\/\/schema.org","@graph":[{"@type":"WebPage","@id":"https:\/\/www.4vipi.com\/ca\/avis-legal\/","url":"https:\/\/www.4vipi.com\/ca\/avis-legal\/","name":"Av\u00eds Legal - 4VIPI Emotion","isPartOf":{"@id":"https:\/\/www.4vipi.com\/ca\/#website"},"datePublished":"2025-01-15T14:26:43+00:00","dateModified":"2025-02-04T14:58:28+00:00","breadcrumb":{"@id":"https:\/\/www.4vipi.com\/ca\/avis-legal\/#breadcrumb"},"inLanguage":"ca","potentialAction":[{"@type":"ReadAction","target":["https:\/\/www.4vipi.com\/ca\/avis-legal\/"]}]},{"@type":"BreadcrumbList","@id":"https:\/\/www.4vipi.com\/ca\/avis-legal\/#breadcrumb","itemListElement":[{"@type":"ListItem","position":1,"name":"Home","item":"https:\/\/www.4vipi.com\/ca\/"},{"@type":"ListItem","position":2,"name":"Av\u00eds Legal"}]},{"@type":"WebSite","@id":"https:\/\/www.4vipi.com\/ca\/#website","url":"https:\/\/www.4vipi.com\/ca\/","name":"4VIPI Emotion","description":"Administraci\u00f3n de Fincas","publisher":{"@id":"https:\/\/www.4vipi.com\/ca\/#organization"},"potentialAction":[{"@type":"SearchAction","target":{"@type":"EntryPoint","urlTemplate":"https:\/\/www.4vipi.com\/ca\/?s={search_term_string}"},"query-input":{"@type":"PropertyValueSpecification","valueRequired":true,"valueName":"search_term_string"}}],"inLanguage":"ca"},{"@type":"Organization","@id":"https:\/\/www.4vipi.com\/ca\/#organization","name":"4VIPI Emotion","url":"https:\/\/www.4vipi.com\/ca\/","logo":{"@type":"ImageObject","inLanguage":"ca","@id":"https:\/\/www.4vipi.com\/ca\/#\/schema\/logo\/image\/","url":"https:\/\/www.4vipi.com\/wp-content\/uploads\/2025\/01\/cropped-4vipi-logo-1.png","contentUrl":"https:\/\/www.4vipi.com\/wp-content\/uploads\/2025\/01\/cropped-4vipi-logo-1.png","width":500,"height":500,"caption":"4VIPI Emotion"},"image":{"@id":"https:\/\/www.4vipi.com\/ca\/#\/schema\/logo\/image\/"}}]}},"_links":{"self":[{"href":"https:\/\/www.4vipi.com\/ca\/wp-json\/wp\/v2\/pages\/1397","targetHints":{"allow":["GET"]}}],"collection":[{"href":"https:\/\/www.4vipi.com\/ca\/wp-json\/wp\/v2\/pages"}],"about":[{"href":"https:\/\/www.4vipi.com\/ca\/wp-json\/wp\/v2\/types\/page"}],"author":[{"embeddable":true,"href":"https:\/\/www.4vipi.com\/ca\/wp-json\/wp\/v2\/users\/2"}],"replies":[{"embeddable":true,"href":"https:\/\/www.4vipi.com\/ca\/wp-json\/wp\/v2\/comments?post=1397"}],"version-history":[{"count":1,"href":"https:\/\/www.4vipi.com\/ca\/wp-json\/wp\/v2\/pages\/1397\/revisions"}],"predecessor-version":[{"id":1398,"href":"https:\/\/www.4vipi.com\/ca\/wp-json\/wp\/v2\/pages\/1397\/revisions\/1398"}],"wp:attachment":[{"href":"https:\/\/www.4vipi.com\/ca\/wp-json\/wp\/v2\/media?parent=1397"}],"curies":[{"name":"wp","href":"https:\/\/api.w.org\/{rel}","templated":true}]}}