{"id":1455,"date":"2025-01-21T10:37:15","date_gmt":"2025-01-21T09:37:15","guid":{"rendered":"https:\/\/www.4vipi.com\/articles\/"},"modified":"2025-02-06T12:50:57","modified_gmt":"2025-02-06T11:50:57","slug":"articles","status":"publish","type":"page","link":"https:\/\/www.4vipi.com\/ca\/articles\/","title":{"rendered":"Articles"},"content":{"rendered":"\t\t<div data-elementor-type=\"wp-page\" data-elementor-id=\"1455\" class=\"elementor elementor-1455 elementor-804\">\n\t\t\t\t\t\t<section class=\"elementor-section elementor-top-section elementor-element elementor-element-512fac1 elementor-section-full_width elementor-section-stretched elementor-section-height-default elementor-section-height-default\" data-id=\"512fac1\" data-element_type=\"section\" data-settings=\"{&quot;stretch_section&quot;:&quot;section-stretched&quot;}\">\n\t\t\t\t\t\t<div class=\"elementor-container elementor-column-gap-wider\">\n\t\t\t\t\t<div class=\"elementor-column elementor-col-100 elementor-top-column elementor-element elementor-element-ffb69dc\" data-id=\"ffb69dc\" data-element_type=\"column\" data-settings=\"{&quot;background_background&quot;:&quot;classic&quot;}\">\n\t\t\t<div class=\"elementor-widget-wrap elementor-element-populated\">\n\t\t\t\t\t\t<div class=\"elementor-element elementor-element-78f5ab2 elementor-widget elementor-widget-text-editor\" data-id=\"78f5ab2\" data-element_type=\"widget\" data-widget_type=\"text-editor.default\">\n\t\t\t\t<div class=\"elementor-widget-container\">\n\t\t\t\t\t\t\t\t\t<h2>Consells sobre la <span class=\"themecolor\">gesti\u00f3 de comunitats<\/span><\/h2>\n<h5> <\/h5>\n<h5><strong>Benvingut a la nostra secci\u00f3 d&#8217;articles, on compartim coneixement i solucions per a una gesti\u00f3 de comunitats m\u00e9s eficient i transparent.<\/strong><\/h5>\n<h5> <\/h5>\n<h5>En 4vipi entenem els reptes que enfronten les comunitats de ve\u00efns, per aix\u00f2 hem creat aquest espai dedicat a informar, educar i ajudar a propietaris i administradors. Aqu\u00ed trobar\u00e0s consells pr\u00e0ctics, guies detallades i les \u00faltimes novetats sobre administraci\u00f3 de finques, manteniment, normatives legals i eines digitals. El nostre objectiu \u00e9s proporcionar-te recursos \u00fatils per a millorar la conviv\u00e8ncia, optimitzar la gesti\u00f3 i protegir el valor del teu patrimoni. Explora els nostres articles i transforma la gesti\u00f3 de la teva comunitat!   <\/h5><\/p>\n\t\t\t\t\t\t\t\t<\/div>\n\t\t\t\t<\/div>\n\t\t\t\t\t<\/div>\n\t\t<\/div>\n\t\t\t\t\t<\/div>\n\t\t<\/section>\n\t\t<div class=\"elementor-element elementor-element-eda71c2 e-flex e-con-boxed e-con e-parent\" data-id=\"eda71c2\" data-element_type=\"container\">\n\t\t\t\t\t<div class=\"e-con-inner\">\n\t\t\t\t<div class=\"elementor-element elementor-element-a3efb01 elementor-widget elementor-widget-mfn_blog\" data-id=\"a3efb01\" data-element_type=\"widget\" data-widget_type=\"mfn_blog.default\">\n\t\t\t\t<div class=\"elementor-widget-container\">\n\t\t\t\t\t<div class=\"column_filters\"><div class=\"blog_wrapper isotope_wrapper clearfix\"><div class=\"posts_group lm_wrapper col-2 masonry tiles isotope\"><article class=\"post post-item isotope-item clearfix post-1418 type-post status-publish format-standard has-post-thumbnail hentry category-uncategorized-ca\" style=\"\"><div class=\"date_label\">21\/01\/2025<\/div><div class=\"post-photo-wrapper scale-with-grid\"><div class=\"image_wrapper_tiles\"><img fetchpriority=\"high\" decoding=\"async\" width=\"1200\" height=\"800\" src=\"https:\/\/www.4vipi.com\/wp-content\/uploads\/2025\/01\/herramientas-digitales-comunidad-vecinos-1.webp\" class=\"scale-with-grid wp-post-image\" alt=\"Herramientas digitales en la comunidad de vecinos\" itemprop=\"image\" srcset=\"https:\/\/www.4vipi.com\/wp-content\/uploads\/2025\/01\/herramientas-digitales-comunidad-vecinos-1.webp 1200w, https:\/\/www.4vipi.com\/wp-content\/uploads\/2025\/01\/herramientas-digitales-comunidad-vecinos-1-500x333.webp 500w, https:\/\/www.4vipi.com\/wp-content\/uploads\/2025\/01\/herramientas-digitales-comunidad-vecinos-1-300x200.webp 300w, https:\/\/www.4vipi.com\/wp-content\/uploads\/2025\/01\/herramientas-digitales-comunidad-vecinos-1-768x512.webp 768w, https:\/\/www.4vipi.com\/wp-content\/uploads\/2025\/01\/herramientas-digitales-comunidad-vecinos-1-113x75.webp 113w, https:\/\/www.4vipi.com\/wp-content\/uploads\/2025\/01\/herramientas-digitales-comunidad-vecinos-1-480x320.webp 480w\" sizes=\"(max-width:767px) 480px, (max-width:1200px) 100vw, 1200px\" \/><\/div><\/div><div class=\"post-desc-wrapper bg- has-custom-bg\" style=\"\"><div class=\"post-desc\"><div class=\"post-head\"><\/div><div class=\"post-title\"><h4 class=\"entry-title \" itemprop=\"headline\"><a href=\"https:\/\/www.4vipi.com\/ca\/beneficis-dimplementar-eines-digitals-en-la-gestio-de-comunitats\/\">Beneficis d&#8217;implementar eines digitals en la gesti\u00f3 de comunitats<\/a><\/h4><\/div><div class=\"post-excerpt\">La digitalitzaci\u00f3 ha revolucionat la forma en qu\u00e8 gestionem les nostres vides i, per descomptat, tamb\u00e9 est\u00e0 transformant l&#8217;administraci\u00f3 de comunitats. Incorporar eines digitals en la<span class=\"excerpt-hellip\"> [\u2026]<\/span><\/div><\/div><\/div><\/article><article class=\"post post-item isotope-item clearfix post-1430 type-post status-publish format-standard has-post-thumbnail hentry category-uncategorized-ca\" style=\"\"><div class=\"date_label\">20\/01\/2025<\/div><div class=\"post-photo-wrapper scale-with-grid\"><div class=\"image_wrapper_tiles\"><img decoding=\"async\" width=\"2560\" height=\"1707\" src=\"https:\/\/www.4vipi.com\/wp-content\/uploads\/2025\/01\/reunion-vecinos-scaled.webp\" class=\"scale-with-grid wp-post-image\" alt=\"Reuniones de comunidad\" itemprop=\"image\" srcset=\"https:\/\/www.4vipi.com\/wp-content\/uploads\/2025\/01\/reunion-vecinos-scaled.webp 2560w, https:\/\/www.4vipi.com\/wp-content\/uploads\/2025\/01\/reunion-vecinos-500x333.webp 500w, https:\/\/www.4vipi.com\/wp-content\/uploads\/2025\/01\/reunion-vecinos-1200x800.webp 1200w, https:\/\/www.4vipi.com\/wp-content\/uploads\/2025\/01\/reunion-vecinos-300x200.webp 300w, https:\/\/www.4vipi.com\/wp-content\/uploads\/2025\/01\/reunion-vecinos-768x512.webp 768w, https:\/\/www.4vipi.com\/wp-content\/uploads\/2025\/01\/reunion-vecinos-1536x1024.webp 1536w, https:\/\/www.4vipi.com\/wp-content\/uploads\/2025\/01\/reunion-vecinos-2048x1365.webp 2048w, https:\/\/www.4vipi.com\/wp-content\/uploads\/2025\/01\/reunion-vecinos-113x75.webp 113w, https:\/\/www.4vipi.com\/wp-content\/uploads\/2025\/01\/reunion-vecinos-480x320.webp 480w\" sizes=\"(max-width:767px) 480px, (max-width:2560px) 100vw, 2560px\" \/><\/div><\/div><div class=\"post-desc-wrapper bg- has-custom-bg\" style=\"\"><div class=\"post-desc\"><div class=\"post-head\"><\/div><div class=\"post-title\"><h4 class=\"entry-title \" itemprop=\"headline\"><a href=\"https:\/\/www.4vipi.com\/ca\/reunions-de-comunitat-claus-per-a-una-presa-de-decisions-efectiva\/\">Reunions de comunitat: claus per a una presa de decisions efectiva<\/a><\/h4><\/div><div class=\"post-excerpt\">Les reunions de comunitat s\u00f3n moments clau per a prendre decisions importants que afecten a tots els propietaris. No obstant aix\u00f2, \u00e9s freq\u00fcent que aquestes reunions<span class=\"excerpt-hellip\"> [\u2026]<\/span><\/div><\/div><\/div><\/article><article class=\"post post-item isotope-item clearfix post-1434 type-post status-publish format-standard has-post-thumbnail hentry category-uncategorized-ca\" style=\"\"><div class=\"date_label\">17\/01\/2025<\/div><div class=\"post-photo-wrapper scale-with-grid\"><div class=\"image_wrapper_tiles\"><img decoding=\"async\" width=\"1200\" height=\"800\" src=\"https:\/\/www.4vipi.com\/wp-content\/uploads\/2025\/01\/mantenimiento.webp\" class=\"scale-with-grid wp-post-image\" alt=\"mantenimiento preventivo de edificios\" itemprop=\"image\" srcset=\"https:\/\/www.4vipi.com\/wp-content\/uploads\/2025\/01\/mantenimiento.webp 1200w, https:\/\/www.4vipi.com\/wp-content\/uploads\/2025\/01\/mantenimiento-500x333.webp 500w, https:\/\/www.4vipi.com\/wp-content\/uploads\/2025\/01\/mantenimiento-300x200.webp 300w, https:\/\/www.4vipi.com\/wp-content\/uploads\/2025\/01\/mantenimiento-768x512.webp 768w, https:\/\/www.4vipi.com\/wp-content\/uploads\/2025\/01\/mantenimiento-113x75.webp 113w, https:\/\/www.4vipi.com\/wp-content\/uploads\/2025\/01\/mantenimiento-480x320.webp 480w\" sizes=\"(max-width:767px) 480px, (max-width:1200px) 100vw, 1200px\" \/><\/div><\/div><div class=\"post-desc-wrapper bg- has-custom-bg\" style=\"\"><div class=\"post-desc\"><div class=\"post-head\"><\/div><div class=\"post-title\"><h4 class=\"entry-title \" itemprop=\"headline\"><a href=\"https:\/\/www.4vipi.com\/ca\/la-importancia-del-manteniment-preventiu-en-edificis-estalvia-temps-i-diners\/\">La import\u00e0ncia del manteniment preventiu en edificis: estalvia temps i diners<\/a><\/h4><\/div><div class=\"post-excerpt\">El manteniment preventiu \u00e9s una inversi\u00f3 que sovint es passa per alt en la gesti\u00f3 d&#8217;edificis. No obstant aix\u00f2, la seva implementaci\u00f3 pot marcar una gran<span class=\"excerpt-hellip\"> [\u2026]<\/span><\/div><\/div><\/div><\/article><article class=\"post post-item isotope-item clearfix post-1450 type-post status-publish format-standard has-post-thumbnail hentry category-uncategorized-ca\" style=\"\"><div class=\"date_label\">16\/01\/2025<\/div><div class=\"post-photo-wrapper scale-with-grid\"><div class=\"image_wrapper_tiles\"><img loading=\"lazy\" decoding=\"async\" width=\"1200\" height=\"800\" src=\"https:\/\/www.4vipi.com\/wp-content\/uploads\/2025\/01\/vecinos.webp\" class=\"scale-with-grid wp-post-image\" alt=\"Evitar conlfictos entre vecinos\" itemprop=\"image\" srcset=\"https:\/\/www.4vipi.com\/wp-content\/uploads\/2025\/01\/vecinos.webp 1200w, https:\/\/www.4vipi.com\/wp-content\/uploads\/2025\/01\/vecinos-500x333.webp 500w, https:\/\/www.4vipi.com\/wp-content\/uploads\/2025\/01\/vecinos-300x200.webp 300w, https:\/\/www.4vipi.com\/wp-content\/uploads\/2025\/01\/vecinos-768x512.webp 768w, https:\/\/www.4vipi.com\/wp-content\/uploads\/2025\/01\/vecinos-113x75.webp 113w, https:\/\/www.4vipi.com\/wp-content\/uploads\/2025\/01\/vecinos-480x320.webp 480w\" sizes=\"(max-width:767px) 480px, (max-width:1200px) 100vw, 1200px\" \/><\/div><\/div><div class=\"post-desc-wrapper bg- has-custom-bg\" style=\"\"><div class=\"post-desc\"><div class=\"post-head\"><\/div><div class=\"post-title\"><h4 class=\"entry-title \" itemprop=\"headline\"><a href=\"https:\/\/www.4vipi.com\/ca\/com-evitar-conflictes-en-comunitats-de-veins-consells-practics\/\">Com evitar conflictes en comunitats de ve\u00efns: Consells pr\u00e0ctics<\/a><\/h4><\/div><div class=\"post-excerpt\">La conviv\u00e8ncia en una comunitat de ve\u00efns pot ser un desafiament, especialment quan sorgeixen desacords o malentesos. No obstant aix\u00f2, amb una gesti\u00f3 adequada i un<span class=\"excerpt-hellip\"> [\u2026]<\/span><\/div><\/div><\/div><\/article><\/div><\/div>\n<\/div>\n\t\t\t\t<\/div>\n\t\t\t\t<\/div>\n\t\t\t\t\t<\/div>\n\t\t\t\t<\/div>\n\t\t\t\t<section class=\"elementor-section elementor-top-section elementor-element elementor-element-1dce442 elementor-section-stretched elementor-section-boxed elementor-section-height-default elementor-section-height-default\" data-id=\"1dce442\" data-element_type=\"section\" data-settings=\"{&quot;stretch_section&quot;:&quot;section-stretched&quot;,&quot;background_background&quot;:&quot;classic&quot;}\">\n\t\t\t\t\t\t<div class=\"elementor-container elementor-column-gap-wider\">\n\t\t\t\t\t<div class=\"elementor-column elementor-col-100 elementor-top-column elementor-element elementor-element-b88b48f\" data-id=\"b88b48f\" data-element_type=\"column\">\n\t\t\t<div class=\"elementor-widget-wrap elementor-element-populated\">\n\t\t\t\t\t\t<section class=\"elementor-section elementor-inner-section elementor-element elementor-element-134f3f6 elementor-section-boxed elementor-section-height-default elementor-section-height-default\" data-id=\"134f3f6\" data-element_type=\"section\">\n\t\t\t\t\t\t<div class=\"elementor-container elementor-column-gap-default\">\n\t\t\t\t\t<div class=\"elementor-column elementor-col-33 elementor-inner-column elementor-element elementor-element-4a13b7c\" data-id=\"4a13b7c\" data-element_type=\"column\">\n\t\t\t<div class=\"elementor-widget-wrap elementor-element-populated\">\n\t\t\t\t\t\t<div class=\"elementor-element elementor-element-05e922b elementor-widget elementor-widget-text-editor\" data-id=\"05e922b\" data-element_type=\"widget\" data-widget_type=\"text-editor.default\">\n\t\t\t\t<div class=\"elementor-widget-container\">\n\t\t\t\t\t\t\t\t\t<h6>LOCALITZACI\u00d3<br \/> <span style=\"color: #000000;\">Carretera de Collblanc 247, bj esquerra<\/span><br \/> <span style=\"color: #000000;\">08906 Hospitalet de Llobregat<\/span><br \/> <span style=\"color: #000000;\">(Barcelona)<\/span><\/h6>\n\t\t\t\t\t\t\t\t<\/div>\n\t\t\t\t<\/div>\n\t\t\t\t\t<\/div>\n\t\t<\/div>\n\t\t\t\t<div class=\"elementor-column elementor-col-33 elementor-inner-column elementor-element elementor-element-7471247\" data-id=\"7471247\" data-element_type=\"column\">\n\t\t\t<div class=\"elementor-widget-wrap elementor-element-populated\">\n\t\t\t\t\t\t<div class=\"elementor-element elementor-element-fb410d1 elementor-widget elementor-widget-text-editor\" data-id=\"fb410d1\" data-element_type=\"widget\" data-widget_type=\"text-editor.default\">\n\t\t\t\t<div class=\"elementor-widget-container\">\n\t\t\t\t\t\t\t\t\t<h6>E-MAIL<br \/> <a href=\"mailto:4vipiemotion@gmail.com\"><span style=\"color: #000000;\">4vipiemotion@gmail.com<\/span><\/a><\/h6>\n\t\t\t\t\t\t\t\t<\/div>\n\t\t\t\t<\/div>\n\t\t\t\t\t<\/div>\n\t\t<\/div>\n\t\t\t\t<div class=\"elementor-column elementor-col-33 elementor-inner-column elementor-element elementor-element-49999b8\" data-id=\"49999b8\" data-element_type=\"column\">\n\t\t\t<div class=\"elementor-widget-wrap elementor-element-populated\">\n\t\t\t\t\t\t<div class=\"elementor-element elementor-element-0490836 elementor-widget elementor-widget-text-editor\" data-id=\"0490836\" data-element_type=\"widget\" data-widget_type=\"text-editor.default\">\n\t\t\t\t<div class=\"elementor-widget-container\">\n\t\t\t\t\t\t\t\t\t<h6>TEL\u00c8FONS<br \/> <span style=\"color: #000000;\">934 807 440<\/span><br \/> <span style=\"color: #000000;\">659 570 661<\/span><\/h6>\n\t\t\t\t\t\t\t\t<\/div>\n\t\t\t\t<\/div>\n\t\t\t\t\t<\/div>\n\t\t<\/div>\n\t\t\t\t\t<\/div>\n\t\t<\/section>\n\t\t\t\t\t<\/div>\n\t\t<\/div>\n\t\t\t\t\t<\/div>\n\t\t<\/section>\n\t\t\t\t<\/div>\n\t\t","protected":false},"excerpt":{"rendered":"<p>Consells sobre la gesti\u00f3 de comunitats Benvingut a la nostra secci\u00f3 d&#8217;articles, on compartim coneixement i solucions per a una gesti\u00f3 de comunitats m\u00e9s eficient i<span class=\"excerpt-hellip\"> [\u2026]<\/span><\/p>\n","protected":false},"author":2,"featured_media":0,"parent":0,"menu_order":0,"comment_status":"open","ping_status":"closed","template":"","meta":{"footnotes":""},"class_list":["post-1455","page","type-page","status-publish","hentry"],"yoast_head":"<!-- This site is optimized with the Yoast SEO plugin v24.4 - https:\/\/yoast.com\/wordpress\/plugins\/seo\/ -->\n<title>Articles i consells sobre gesti\u00f3 de comunitats | 4vipi<\/title>\n<meta name=\"description\" content=\"Troba informaci\u00f3 pr\u00e0ctica sobre la gesti\u00f3 de comunitats, administraci\u00f3 de finques, manteniment i molt m\u00e9s.\" \/>\n<meta name=\"robots\" content=\"index, follow, max-snippet:-1, max-image-preview:large, max-video-preview:-1\" \/>\n<link rel=\"canonical\" href=\"https:\/\/www.4vipi.com\/ca\/articles\/\" \/>\n<meta property=\"og:locale\" content=\"ca_ES\" \/>\n<meta property=\"og:type\" content=\"article\" \/>\n<meta property=\"og:title\" content=\"Articles i consells sobre gesti\u00f3 de comunitats | 4vipi\" \/>\n<meta property=\"og:description\" content=\"Troba informaci\u00f3 pr\u00e0ctica sobre la gesti\u00f3 de comunitats, administraci\u00f3 de finques, manteniment i molt m\u00e9s.\" \/>\n<meta property=\"og:url\" content=\"https:\/\/www.4vipi.com\/ca\/articles\/\" \/>\n<meta property=\"og:site_name\" content=\"4VIPI Emotion\" \/>\n<meta property=\"article:modified_time\" content=\"2025-02-06T11:50:57+00:00\" \/>\n<meta property=\"og:image\" content=\"https:\/\/www.4vipi.com\/wp-content\/uploads\/2025\/01\/herramientas-digitales-comunidad-vecinos-1.webp\" \/>\n<meta name=\"twitter:card\" content=\"summary_large_image\" \/>\n<meta name=\"twitter:label1\" content=\"Temps estimat de lectura\" \/>\n\t<meta name=\"twitter:data1\" content=\"1 minut\" \/>\n<script type=\"application\/ld+json\" class=\"yoast-schema-graph\">{\"@context\":\"https:\/\/schema.org\",\"@graph\":[{\"@type\":\"WebPage\",\"@id\":\"https:\/\/www.4vipi.com\/ca\/articles\/\",\"url\":\"https:\/\/www.4vipi.com\/ca\/articles\/\",\"name\":\"Articles i consells sobre gesti\u00f3 de comunitats | 4vipi\",\"isPartOf\":{\"@id\":\"https:\/\/www.4vipi.com\/ca\/#website\"},\"primaryImageOfPage\":{\"@id\":\"https:\/\/www.4vipi.com\/ca\/articles\/#primaryimage\"},\"image\":{\"@id\":\"https:\/\/www.4vipi.com\/ca\/articles\/#primaryimage\"},\"thumbnailUrl\":\"https:\/\/www.4vipi.com\/wp-content\/uploads\/2025\/01\/herramientas-digitales-comunidad-vecinos-1.webp\",\"datePublished\":\"2025-01-21T09:37:15+00:00\",\"dateModified\":\"2025-02-06T11:50:57+00:00\",\"description\":\"Troba informaci\u00f3 pr\u00e0ctica sobre la gesti\u00f3 de comunitats, administraci\u00f3 de finques, manteniment i molt m\u00e9s.\",\"breadcrumb\":{\"@id\":\"https:\/\/www.4vipi.com\/ca\/articles\/#breadcrumb\"},\"inLanguage\":\"ca\",\"potentialAction\":[{\"@type\":\"ReadAction\",\"target\":[\"https:\/\/www.4vipi.com\/ca\/articles\/\"]}]},{\"@type\":\"ImageObject\",\"inLanguage\":\"ca\",\"@id\":\"https:\/\/www.4vipi.com\/ca\/articles\/#primaryimage\",\"url\":\"https:\/\/www.4vipi.com\/wp-content\/uploads\/2025\/01\/herramientas-digitales-comunidad-vecinos-1.webp\",\"contentUrl\":\"https:\/\/www.4vipi.com\/wp-content\/uploads\/2025\/01\/herramientas-digitales-comunidad-vecinos-1.webp\"},{\"@type\":\"BreadcrumbList\",\"@id\":\"https:\/\/www.4vipi.com\/ca\/articles\/#breadcrumb\",\"itemListElement\":[{\"@type\":\"ListItem\",\"position\":1,\"name\":\"Home\",\"item\":\"https:\/\/www.4vipi.com\/ca\/\"},{\"@type\":\"ListItem\",\"position\":2,\"name\":\"Articles\"}]},{\"@type\":\"WebSite\",\"@id\":\"https:\/\/www.4vipi.com\/ca\/#website\",\"url\":\"https:\/\/www.4vipi.com\/ca\/\",\"name\":\"4VIPI Emotion\",\"description\":\"Administraci\u00f3n de Fincas\",\"publisher\":{\"@id\":\"https:\/\/www.4vipi.com\/ca\/#organization\"},\"potentialAction\":[{\"@type\":\"SearchAction\",\"target\":{\"@type\":\"EntryPoint\",\"urlTemplate\":\"https:\/\/www.4vipi.com\/ca\/?s={search_term_string}\"},\"query-input\":{\"@type\":\"PropertyValueSpecification\",\"valueRequired\":true,\"valueName\":\"search_term_string\"}}],\"inLanguage\":\"ca\"},{\"@type\":\"Organization\",\"@id\":\"https:\/\/www.4vipi.com\/ca\/#organization\",\"name\":\"4VIPI Emotion\",\"url\":\"https:\/\/www.4vipi.com\/ca\/\",\"logo\":{\"@type\":\"ImageObject\",\"inLanguage\":\"ca\",\"@id\":\"https:\/\/www.4vipi.com\/ca\/#\/schema\/logo\/image\/\",\"url\":\"https:\/\/www.4vipi.com\/wp-content\/uploads\/2025\/01\/cropped-4vipi-logo-1.png\",\"contentUrl\":\"https:\/\/www.4vipi.com\/wp-content\/uploads\/2025\/01\/cropped-4vipi-logo-1.png\",\"width\":500,\"height\":500,\"caption\":\"4VIPI Emotion\"},\"image\":{\"@id\":\"https:\/\/www.4vipi.com\/ca\/#\/schema\/logo\/image\/\"}}]}<\/script>\n<!-- \/ Yoast SEO plugin. -->","yoast_head_json":{"title":"Articles i consells sobre gesti\u00f3 de comunitats | 4vipi","description":"Troba informaci\u00f3 pr\u00e0ctica sobre la gesti\u00f3 de comunitats, administraci\u00f3 de finques, manteniment i molt m\u00e9s.","robots":{"index":"index","follow":"follow","max-snippet":"max-snippet:-1","max-image-preview":"max-image-preview:large","max-video-preview":"max-video-preview:-1"},"canonical":"https:\/\/www.4vipi.com\/ca\/articles\/","og_locale":"ca_ES","og_type":"article","og_title":"Articles i consells sobre gesti\u00f3 de comunitats | 4vipi","og_description":"Troba informaci\u00f3 pr\u00e0ctica sobre la gesti\u00f3 de comunitats, administraci\u00f3 de finques, manteniment i molt m\u00e9s.","og_url":"https:\/\/www.4vipi.com\/ca\/articles\/","og_site_name":"4VIPI Emotion","article_modified_time":"2025-02-06T11:50:57+00:00","og_image":[{"url":"https:\/\/www.4vipi.com\/wp-content\/uploads\/2025\/01\/herramientas-digitales-comunidad-vecinos-1.webp","type":"","width":"","height":""}],"twitter_card":"summary_large_image","twitter_misc":{"Temps estimat de lectura":"1 minut"},"schema":{"@context":"https:\/\/schema.org","@graph":[{"@type":"WebPage","@id":"https:\/\/www.4vipi.com\/ca\/articles\/","url":"https:\/\/www.4vipi.com\/ca\/articles\/","name":"Articles i consells sobre gesti\u00f3 de comunitats | 4vipi","isPartOf":{"@id":"https:\/\/www.4vipi.com\/ca\/#website"},"primaryImageOfPage":{"@id":"https:\/\/www.4vipi.com\/ca\/articles\/#primaryimage"},"image":{"@id":"https:\/\/www.4vipi.com\/ca\/articles\/#primaryimage"},"thumbnailUrl":"https:\/\/www.4vipi.com\/wp-content\/uploads\/2025\/01\/herramientas-digitales-comunidad-vecinos-1.webp","datePublished":"2025-01-21T09:37:15+00:00","dateModified":"2025-02-06T11:50:57+00:00","description":"Troba informaci\u00f3 pr\u00e0ctica sobre la gesti\u00f3 de comunitats, administraci\u00f3 de finques, manteniment i molt m\u00e9s.","breadcrumb":{"@id":"https:\/\/www.4vipi.com\/ca\/articles\/#breadcrumb"},"inLanguage":"ca","potentialAction":[{"@type":"ReadAction","target":["https:\/\/www.4vipi.com\/ca\/articles\/"]}]},{"@type":"ImageObject","inLanguage":"ca","@id":"https:\/\/www.4vipi.com\/ca\/articles\/#primaryimage","url":"https:\/\/www.4vipi.com\/wp-content\/uploads\/2025\/01\/herramientas-digitales-comunidad-vecinos-1.webp","contentUrl":"https:\/\/www.4vipi.com\/wp-content\/uploads\/2025\/01\/herramientas-digitales-comunidad-vecinos-1.webp"},{"@type":"BreadcrumbList","@id":"https:\/\/www.4vipi.com\/ca\/articles\/#breadcrumb","itemListElement":[{"@type":"ListItem","position":1,"name":"Home","item":"https:\/\/www.4vipi.com\/ca\/"},{"@type":"ListItem","position":2,"name":"Articles"}]},{"@type":"WebSite","@id":"https:\/\/www.4vipi.com\/ca\/#website","url":"https:\/\/www.4vipi.com\/ca\/","name":"4VIPI Emotion","description":"Administraci\u00f3n de Fincas","publisher":{"@id":"https:\/\/www.4vipi.com\/ca\/#organization"},"potentialAction":[{"@type":"SearchAction","target":{"@type":"EntryPoint","urlTemplate":"https:\/\/www.4vipi.com\/ca\/?s={search_term_string}"},"query-input":{"@type":"PropertyValueSpecification","valueRequired":true,"valueName":"search_term_string"}}],"inLanguage":"ca"},{"@type":"Organization","@id":"https:\/\/www.4vipi.com\/ca\/#organization","name":"4VIPI Emotion","url":"https:\/\/www.4vipi.com\/ca\/","logo":{"@type":"ImageObject","inLanguage":"ca","@id":"https:\/\/www.4vipi.com\/ca\/#\/schema\/logo\/image\/","url":"https:\/\/www.4vipi.com\/wp-content\/uploads\/2025\/01\/cropped-4vipi-logo-1.png","contentUrl":"https:\/\/www.4vipi.com\/wp-content\/uploads\/2025\/01\/cropped-4vipi-logo-1.png","width":500,"height":500,"caption":"4VIPI Emotion"},"image":{"@id":"https:\/\/www.4vipi.com\/ca\/#\/schema\/logo\/image\/"}}]}},"_links":{"self":[{"href":"https:\/\/www.4vipi.com\/ca\/wp-json\/wp\/v2\/pages\/1455","targetHints":{"allow":["GET"]}}],"collection":[{"href":"https:\/\/www.4vipi.com\/ca\/wp-json\/wp\/v2\/pages"}],"about":[{"href":"https:\/\/www.4vipi.com\/ca\/wp-json\/wp\/v2\/types\/page"}],"author":[{"embeddable":true,"href":"https:\/\/www.4vipi.com\/ca\/wp-json\/wp\/v2\/users\/2"}],"replies":[{"embeddable":true,"href":"https:\/\/www.4vipi.com\/ca\/wp-json\/wp\/v2\/comments?post=1455"}],"version-history":[{"count":1,"href":"https:\/\/www.4vipi.com\/ca\/wp-json\/wp\/v2\/pages\/1455\/revisions"}],"predecessor-version":[{"id":1456,"href":"https:\/\/www.4vipi.com\/ca\/wp-json\/wp\/v2\/pages\/1455\/revisions\/1456"}],"wp:attachment":[{"href":"https:\/\/www.4vipi.com\/ca\/wp-json\/wp\/v2\/media?parent=1455"}],"curies":[{"name":"wp","href":"https:\/\/api.w.org\/{rel}","templated":true}]}}